{"id":36915,"date":"2024-10-18T08:22:37","date_gmt":"2024-10-18T08:22:37","guid":{"rendered":"https:\/\/cultureroadtravel.com\/?page_id=36915"},"modified":"2026-01-22T11:22:08","modified_gmt":"2026-01-22T11:22:08","slug":"midden-oosten","status":"publish","type":"page","link":"https:\/\/cultureroadtravel.com\/nl\/midden-oosten\/","title":{"rendered":"Midden-Oosten"},"content":{"rendered":"\n<div class=\"wp-block-kft-block-row kft-row-block kft-background kft-background--general kft-styles-241f372c\"><div class=\"kft-row-block__inner\">\n<div class=\"wp-block-kft-block-column kft-column-block kft-styles-5a7633f1\"><div class=\"kft-column-block__inner\"><\/div><\/div>\n\n\n\n<div class=\"wp-block-kft-block-column kft-column-block kft-styles-76a9d673\"><div class=\"kft-column-block__inner\">\n<h1 class=\"wp-block-heading has-text-align-left\" id=\"h-midden-oosten-geschiedenis-woestijnen-en-mysteries\" style=\"font-size:30px\">Midden-Oosten: geschiedenis, woestijnen en mysteries<\/h1>\n<\/div><\/div>\n\n\n\n<div class=\"wp-block-kft-block-column kft-column-block kft-styles-138b9d31\"><div class=\"kft-column-block__inner\"><\/div><\/div>\n<\/div><\/div>\n\n\n\n<div class=\"wp-block-kft-block-row kft-row-block kft-background kft-background--general kft-styles-6cbe2fe4\"><div class=\"kft-row-block__inner\">\n<div class=\"wp-block-kft-block-column kft-column-block kft-styles-c7a27c6a\"><div class=\"kft-column-block__inner\"><\/div><\/div>\n\n\n\n<div class=\"wp-block-kft-block-column kft-column-block kft-styles-637af14a\"><div class=\"kft-column-block__inner\">\n<p>Verken het Midden-Oosten met ons en ontdek een continent dat barst van de contrasterende ervaringen.<\/p>\n\n\n\n<p>Er is voor elk wat wils in het Midden-Oosten. Ontdek de oude wonderen van Irak, van de ru\u00efnes van Babylon tot de ziggurat van Ur. Navigeer door de bruisende souks van Syri\u00eb, met hun levendige kleuren en rijke aroma&#8217;s. Verken de diverse landschappen van Saoedi-Arabi\u00eb, van de woestijnen tot de moderne skyline van Riyad. Ontdek de unieke schoonheid van Socotra, bekend om zijn bijzondere flora en fauna, en verken de historische schatten van Hadramaut in Jemen, waaronder de oude lemen gebouwen.<\/p>\n\n\n\n<p>Mis de kans niet om het echte Midden-Oosten te zien &#8211; een plek van ongelofelijke schoonheid, diepe tradities en onvergetelijke avonturen. Plan vandaag nog je reis en ga met ons mee om de verborgen schatten van deze landen te ontdekken!<\/p>\n<\/div><\/div>\n\n\n\n<div class=\"wp-block-kft-block-column kft-column-block kft-styles-6e010fee\"><div class=\"kft-column-block__inner\"><\/div><\/div>\n<\/div><\/div>\n\n\n\n<div class=\"wp-block-kft-block-row kft-row-block kft-background kft-background--general kft-styles-e50db197\"><div class=\"kft-row-block__inner\">\n<div class=\"wp-block-kft-block-column kft-column-block kft-styles-f4447f6e\"><div class=\"kft-column-block__inner\"><\/div><\/div>\n\n\n\n<div class=\"wp-block-kft-block-column kft-column-block kft-styles-ee49ec9a\"><div class=\"kft-column-block__inner\">\n<h2 class=\"wp-block-heading has-text-align-left\" id=\"h-volledige-lijst-van-landen-in-het-midden-oosten-waar-we-naartoe-gaan\" style=\"font-size:25px\">Volledige lijst van landen in het Midden-Oosten waar we naartoe gaan:<\/h2>\n<\/div><\/div>\n\n\n\n<div class=\"wp-block-kft-block-column kft-column-block kft-styles-ead5cdea\"><div class=\"kft-column-block__inner\"><\/div><\/div>\n<\/div><\/div>\n\n\n\n<div class=\"wp-block-columns is-layout-flex wp-container-core-columns-is-layout-9d6595d7 wp-block-columns-is-layout-flex\">\n<div class=\"wp-block-column is-layout-flow wp-block-column-is-layout-flow\">\n<div class=\"wp-block-kft-block-banner kft-styles-2d0232d7 kft-banner has-hover image-hover-zoom\"><a class=\"\" href=\"https:\/\/cultureroadtravel.com\/nl\/irak\/\"><div class=\"kft-banner__image has-overlay has-overlay--50\"><img  loading=\"lazy\"  decoding=\"async\"  width=\"1200\"  height=\"800\"  class=\"kft-banner__image-img wp-image-33692\"  src=\"https:\/\/cultureroadtravel.com\/wp-content\/uploads\/2024\/05\/Iraq-Babylon-Palace-of-Saddam-Hussein.jpg\"  alt=\"banner-image\"  srcset=\"https:\/\/cultureroadtravel.com\/wp-content\/uploads\/2024\/05\/Iraq-Babylon-Palace-of-Saddam-Hussein.jpg 1200w, https:\/\/cultureroadtravel.com\/wp-content\/uploads\/2024\/05\/Iraq-Babylon-Palace-of-Saddam-Hussein-768x512.jpg 768w, https:\/\/cultureroadtravel.com\/wp-content\/uploads\/2024\/05\/Iraq-Babylon-Palace-of-Saddam-Hussein-80x53.jpg 80w\"  sizes=\"auto, (max-width: 1200px) 100vw, 1200px\" ><\/div><div class=\"kft-banner__content\"><div class=\"kft-banner__content-inner\">\n<div class=\"wp-block-kft-block-heading kft-heading-block kft-styles-77abb360\"><div class=\"kft-heading-block__inner\"><h3 class=\"kft-heading-block__content\">Irak<\/h3><\/div><\/div>\n\n\n\n<div class=\"wp-block-kft-block-heading kft-heading-block kft-styles-1852ea69\"><div class=\"kft-heading-block__inner\"><p class=\"kft-heading-block__content\">Meer lezen<\/p><i class=\"kft-icon-long-arrow-right\"><\/i><\/div><\/div>\n<\/div><\/div><\/a><\/div>\n<\/div>\n\n\n\n<div class=\"wp-block-column is-layout-flow wp-block-column-is-layout-flow\">\n<div class=\"wp-block-kft-block-banner kft-styles-028314e1 kft-banner has-hover image-hover-zoom\"><a class=\"\" href=\"https:\/\/cultureroadtravel.com\/nl\/jemen-vasteland\/\"><div class=\"kft-banner__image has-overlay has-overlay--50\"><img  loading=\"lazy\"  decoding=\"async\"  width=\"1200\"  height=\"800\"  class=\"kft-banner__image-img wp-image-27243\"  src=\"https:\/\/cultureroadtravel.com\/wp-content\/uploads\/2023\/11\/Yemen-Hadramaut-Shibam-Streets-and-architecture-001-1.jpg\"  alt=\"banner-image\"  srcset=\"https:\/\/cultureroadtravel.com\/wp-content\/uploads\/2023\/11\/Yemen-Hadramaut-Shibam-Streets-and-architecture-001-1.jpg 1200w, https:\/\/cultureroadtravel.com\/wp-content\/uploads\/2023\/11\/Yemen-Hadramaut-Shibam-Streets-and-architecture-001-1-768x512.jpg 768w, https:\/\/cultureroadtravel.com\/wp-content\/uploads\/2023\/11\/Yemen-Hadramaut-Shibam-Streets-and-architecture-001-1-80x53.jpg 80w\"  sizes=\"auto, (max-width: 1200px) 100vw, 1200px\" ><\/div><div class=\"kft-banner__content\"><div class=\"kft-banner__content-inner\">\n<div class=\"wp-block-kft-block-heading kft-heading-block kft-styles-2f758fb2\"><div class=\"kft-heading-block__inner\"><h3 class=\"kft-heading-block__content\">Jemen Hadramout<\/h3><\/div><\/div>\n\n\n\n<div class=\"wp-block-kft-block-heading kft-heading-block kft-styles-e82a24a6\"><div class=\"kft-heading-block__inner\"><p class=\"kft-heading-block__content\">Meer lezen<\/p><i class=\"kft-icon-long-arrow-right\"><\/i><\/div><\/div>\n<\/div><\/div><\/a><\/div>\n<\/div>\n\n\n\n<div class=\"wp-block-column is-layout-flow wp-block-column-is-layout-flow\">\n<div class=\"wp-block-kft-block-banner kft-styles-55b181d9 kft-banner has-hover image-hover-zoom\"><a class=\"\" href=\"https:\/\/cultureroadtravel.com\/nl\/jemen-socotra\/\"><div class=\"kft-banner__image has-overlay has-overlay--50\"><img  loading=\"lazy\"  decoding=\"async\"  width=\"1200\"  height=\"800\"  class=\"kft-banner__image-img wp-image-33807\"  src=\"https:\/\/cultureroadtravel.com\/wp-content\/uploads\/2024\/05\/Yemen-Socotra-Homhil-National-Park-1.jpg\"  alt=\"banner-image\"  srcset=\"https:\/\/cultureroadtravel.com\/wp-content\/uploads\/2024\/05\/Yemen-Socotra-Homhil-National-Park-1.jpg 1200w, https:\/\/cultureroadtravel.com\/wp-content\/uploads\/2024\/05\/Yemen-Socotra-Homhil-National-Park-1-768x512.jpg 768w, https:\/\/cultureroadtravel.com\/wp-content\/uploads\/2024\/05\/Yemen-Socotra-Homhil-National-Park-1-80x53.jpg 80w\"  sizes=\"auto, (max-width: 1200px) 100vw, 1200px\" ><\/div><div class=\"kft-banner__content\"><div class=\"kft-banner__content-inner\">\n<div class=\"wp-block-kft-block-heading kft-heading-block kft-styles-88b8c901\"><div class=\"kft-heading-block__inner\"><h3 class=\"kft-heading-block__content\">Jemen Socotra<\/h3><\/div><\/div>\n\n\n\n<div class=\"wp-block-kft-block-heading kft-heading-block kft-styles-a17e3186\"><div class=\"kft-heading-block__inner\"><p class=\"kft-heading-block__content\">Meer lezen<\/p><i class=\"kft-icon-long-arrow-right\"><\/i><\/div><\/div>\n<\/div><\/div><\/a><\/div>\n\n\n\n<div class=\"wp-block-kft-block-heading kft-heading-block kft-styles-1f180182\"><div class=\"kft-heading-block__inner\"><\/div><\/div>\n<\/div>\n<\/div>\n\n\n\n<div class=\"wp-block-columns is-layout-flex wp-container-core-columns-is-layout-9d6595d7 wp-block-columns-is-layout-flex\">\n<div class=\"wp-block-column is-layout-flow wp-block-column-is-layout-flow\">\n<div class=\"wp-block-kft-block-banner kft-styles-5a97ae42 kft-banner has-hover image-hover-zoom\"><a class=\"\" href=\"https:\/\/cultureroadtravel.com\/nl\/libanon\/\"><div class=\"kft-banner__image has-overlay has-overlay--50\"><img  loading=\"lazy\"  decoding=\"async\"  width=\"1200\"  height=\"800\"  class=\"kft-banner__image-img wp-image-50359\"  src=\"https:\/\/cultureroadtravel.com\/wp-content\/uploads\/2026\/01\/Format-for-websiteblog-38.png\"  alt=\"banner-image\"  srcset=\"https:\/\/cultureroadtravel.com\/wp-content\/uploads\/2026\/01\/Format-for-websiteblog-38.png 1200w, https:\/\/cultureroadtravel.com\/wp-content\/uploads\/2026\/01\/Format-for-websiteblog-38-768x512.png 768w, https:\/\/cultureroadtravel.com\/wp-content\/uploads\/2026\/01\/Format-for-websiteblog-38-80x53.png 80w\"  sizes=\"auto, (max-width: 1200px) 100vw, 1200px\" ><\/div><div class=\"kft-banner__content\"><div class=\"kft-banner__content-inner\">\n<div class=\"wp-block-kft-block-heading kft-heading-block kft-styles-1baf47f9\"><div class=\"kft-heading-block__inner\"><h3 class=\"kft-heading-block__content\">Libanon<\/h3><\/div><\/div>\n\n\n\n<div class=\"wp-block-kft-block-heading kft-heading-block kft-styles-f4634f9f\"><div class=\"kft-heading-block__inner\"><p class=\"kft-heading-block__content\">Meer lezen<\/p><i class=\"kft-icon-long-arrow-right\"><\/i><\/div><\/div>\n<\/div><\/div><\/a><\/div>\n<\/div>\n\n\n\n<div class=\"wp-block-column is-layout-flow wp-block-column-is-layout-flow\">\n<div class=\"wp-block-group is-nowrap is-layout-flex wp-container-core-group-is-layout-ad2f72ca wp-block-group-is-layout-flex\">\n<div class=\"wp-block-kft-block-banner kft-styles-630b12e5 kft-banner has-hover image-hover-zoom\"><a class=\"\" href=\"https:\/\/cultureroadtravel.com\/nl\/saoedi-arabie\/\"><div class=\"kft-banner__image has-overlay has-overlay--50\"><img  loading=\"lazy\"  decoding=\"async\"  width=\"1200\"  height=\"800\"  class=\"kft-banner__image-img wp-image-32555\"  src=\"https:\/\/cultureroadtravel.com\/wp-content\/uploads\/2024\/04\/Saudi-Arabia-Edge-of-the-World-view-Jebel-Fihrayn-at-Jabal-Tuwaiq.jpg\"  alt=\"banner-image\"  srcset=\"https:\/\/cultureroadtravel.com\/wp-content\/uploads\/2024\/04\/Saudi-Arabia-Edge-of-the-World-view-Jebel-Fihrayn-at-Jabal-Tuwaiq.jpg 1200w, https:\/\/cultureroadtravel.com\/wp-content\/uploads\/2024\/04\/Saudi-Arabia-Edge-of-the-World-view-Jebel-Fihrayn-at-Jabal-Tuwaiq-768x512.jpg 768w, https:\/\/cultureroadtravel.com\/wp-content\/uploads\/2024\/04\/Saudi-Arabia-Edge-of-the-World-view-Jebel-Fihrayn-at-Jabal-Tuwaiq-80x53.jpg 80w\"  sizes=\"auto, (max-width: 1200px) 100vw, 1200px\" ><\/div><div class=\"kft-banner__content\"><div class=\"kft-banner__content-inner\">\n<div class=\"wp-block-kft-block-heading kft-heading-block kft-styles-d6b6fa11\"><div class=\"kft-heading-block__inner\"><h3 class=\"kft-heading-block__content\">Saoedi-Arabi\u00eb<\/h3><\/div><\/div>\n\n\n\n<div class=\"wp-block-kft-block-heading kft-heading-block kft-styles-39cf75ff\"><div class=\"kft-heading-block__inner\"><p class=\"kft-heading-block__content\">Meer lezen<\/p><i class=\"kft-icon-long-arrow-right\"><\/i><\/div><\/div>\n<\/div><\/div><\/a><\/div>\n<\/div>\n<\/div>\n\n\n\n<div class=\"wp-block-column is-layout-flow wp-block-column-is-layout-flow\">\n<div class=\"wp-block-kft-block-banner kft-styles-6162452f kft-banner has-hover image-hover-zoom\"><a class=\"\" href=\"https:\/\/cultureroadtravel.com\/nl\/syrie\/\"><div class=\"kft-banner__image has-overlay has-overlay--50\"><img  loading=\"lazy\"  decoding=\"async\"  width=\"810\"  height=\"540\"  class=\"kft-banner__image-img wp-image-33099\"  src=\"https:\/\/cultureroadtravel.com\/wp-content\/uploads\/2024\/04\/Syria-Hama-waterwheels-in-the-Orontos-River-The-Mills-2-edited.jpg\"  alt=\"banner-image\"  srcset=\"https:\/\/cultureroadtravel.com\/wp-content\/uploads\/2024\/04\/Syria-Hama-waterwheels-in-the-Orontos-River-The-Mills-2-edited.jpg 810w, https:\/\/cultureroadtravel.com\/wp-content\/uploads\/2024\/04\/Syria-Hama-waterwheels-in-the-Orontos-River-The-Mills-2-edited-768x512.jpg 768w, https:\/\/cultureroadtravel.com\/wp-content\/uploads\/2024\/04\/Syria-Hama-waterwheels-in-the-Orontos-River-The-Mills-2-edited-80x53.jpg 80w\"  sizes=\"auto, (max-width: 810px) 100vw, 810px\" ><\/div><div class=\"kft-banner__content\"><div class=\"kft-banner__content-inner\">\n<div class=\"wp-block-kft-block-heading kft-heading-block kft-styles-b27290d4\"><div class=\"kft-heading-block__inner\"><h3 class=\"kft-heading-block__content\">Syri\u00eb<\/h3><\/div><\/div>\n\n\n\n<div class=\"wp-block-kft-block-heading kft-heading-block kft-styles-9260012b\"><div class=\"kft-heading-block__inner\"><p class=\"kft-heading-block__content\">Meer lezen<\/p><i class=\"kft-icon-long-arrow-right\"><\/i><\/div><\/div>\n<\/div><\/div><\/a><\/div>\n\n\n\n<div class=\"wp-block-kft-block-heading kft-heading-block kft-styles-aa10b9d2\"><div class=\"kft-heading-block__inner\"><\/div><\/div>\n<\/div>\n<\/div>\n\n\n\n<div style=\"height:42px\" aria-hidden=\"true\" class=\"wp-block-spacer\"><\/div>\n\n\n\n<div class=\"wp-block-kft-block-row kft-row-block kft-background kft-background--general kft-styles-837a6cf4\"><div class=\"kft-row-block__inner\">\n<div class=\"wp-block-kft-block-column kft-column-block kft-styles-1d7322ea\"><div class=\"kft-column-block__inner\"><\/div><\/div>\n\n\n\n<div class=\"wp-block-kft-block-column kft-column-block kft-styles-e3eb3b1d\"><div class=\"kft-column-block__inner\">\n<h2 class=\"wp-block-heading has-text-align-left\" id=\"h-is-het-midden-oosten-niet-het-continent-voor-jou-geen-nood-we-bieden-ook-rondreizen-naar-andere-continenten-aan\" style=\"font-size:25px\">Is het Midden-Oosten niet het continent voor jou? Geen nood! We bieden ook rondreizen naar andere continenten aan:<\/h2>\n\n\n\n<div class=\"wp-block-kft-block-multil-buttons kft-multil-buttons kft-styles-a7f05a93\"><div class=\"kft-multil-buttons__inner\">\n<div class=\"wp-block-kft-block-button kft-button kft-styles-c8cf9649\"><a class=\"kft-button__link\" href=\"https:\/\/cultureroadtravel.com\/nl\/afrika\/\"><span class=\"kft-button__text\">Afrika<\/span><\/a><\/div>\n\n\n\n<div class=\"wp-block-kft-block-button kft-button kft-styles-dd62b705\"><a class=\"kft-button__link\" href=\"https:\/\/cultureroadtravel.com\/nl\/amerika\/\"><span class=\"kft-button__text\">Amerika<\/span><\/a><\/div>\n\n\n\n<div class=\"wp-block-kft-block-button kft-button kft-styles-d4fdcb9a\"><a class=\"kft-button__link\" href=\"https:\/\/cultureroadtravel.com\/nl\/azie\/\"><span class=\"kft-button__text\">Azi\u00eb<\/span><\/a><\/div>\n<\/div><\/div>\n<\/div><\/div>\n\n\n\n<div class=\"wp-block-kft-block-column kft-column-block kft-styles-b6ea526d\"><div class=\"kft-column-block__inner\"><\/div><\/div>\n<\/div><\/div>\n\n\n\n<div style=\"height:47px\" aria-hidden=\"true\" class=\"wp-block-spacer\"><\/div>\n\n\n","protected":false},"excerpt":{"rendered":"","protected":false},"author":2,"featured_media":31594,"parent":0,"menu_order":0,"comment_status":"closed","ping_status":"closed","template":"","meta":{"_acf_changed":false,"footnotes":""},"class_list":["post-36915","page","type-page","status-publish","has-post-thumbnail","hentry"],"acf":[],"yoast_head":"<!-- This site is optimized with the Yoast SEO Premium plugin v27.4 (Yoast SEO v27.4) - https:\/\/yoast.com\/product\/yoast-seo-premium-wordpress\/ -->\n<title>Bekijk onze bestemmingen in het Midden-Oosten | CultureRoad<\/title>\n<meta name=\"description\" content=\"Al onze bestemmingen in het Midden-Oosten in \u00e9\u00e9n overzicht. Gemakkelijk te navigeren en klaar om je te helpen bij het plannen van je reis.\" \/>\n<meta name=\"robots\" content=\"index, follow, max-snippet:-1, max-image-preview:large, max-video-preview:-1\" \/>\n<link rel=\"canonical\" href=\"https:\/\/cultureroadtravel.com\/nl\/midden-oosten\/\" \/>\n<meta property=\"og:locale\" content=\"nl_NL\" \/>\n<meta property=\"og:type\" content=\"article\" \/>\n<meta property=\"og:title\" content=\"Midden-Oosten\" \/>\n<meta property=\"og:description\" content=\"Al onze bestemmingen in het Midden-Oosten in \u00e9\u00e9n overzicht. Gemakkelijk te navigeren en klaar om je te helpen bij het plannen van je reis.\" \/>\n<meta property=\"og:url\" content=\"https:\/\/cultureroadtravel.com\/nl\/midden-oosten\/\" \/>\n<meta property=\"og:site_name\" content=\"CultureRoad Travel\" \/>\n<meta property=\"article:publisher\" content=\"https:\/\/www.facebook.com\/CultureRoadtravel\/\" \/>\n<meta property=\"article:modified_time\" content=\"2026-01-22T11:22:08+00:00\" \/>\n<meta property=\"og:image\" content=\"https:\/\/cultureroadtravel.com\/wp-content\/uploads\/2024\/03\/Iraq-Baghdad-Al-Shaheed-Monument-001.jpg\" \/>\n\t<meta property=\"og:image:width\" content=\"1200\" \/>\n\t<meta property=\"og:image:height\" content=\"800\" \/>\n\t<meta property=\"og:image:type\" content=\"image\/jpeg\" \/>\n<meta name=\"twitter:card\" content=\"summary_large_image\" \/>\n<meta name=\"twitter:label1\" content=\"Geschatte leestijd\" \/>\n\t<meta name=\"twitter:data1\" content=\"5 minuten\" \/>\n<script type=\"application\/ld+json\" class=\"yoast-schema-graph\">{\"@context\":\"https:\\\/\\\/schema.org\",\"@graph\":[{\"@type\":[\"WebPage\",\"CollectionPage\"],\"@id\":\"https:\\\/\\\/cultureroadtravel.com\\\/nl\\\/midden-oosten\\\/\",\"url\":\"https:\\\/\\\/cultureroadtravel.com\\\/nl\\\/midden-oosten\\\/\",\"name\":\"Bekijk onze bestemmingen in het Midden-Oosten | CultureRoad\",\"isPartOf\":{\"@id\":\"https:\\\/\\\/cultureroadtravel.com\\\/nl\\\/#website\"},\"primaryImageOfPage\":{\"@id\":\"https:\\\/\\\/cultureroadtravel.com\\\/nl\\\/midden-oosten\\\/#primaryimage\"},\"image\":{\"@id\":\"https:\\\/\\\/cultureroadtravel.com\\\/nl\\\/midden-oosten\\\/#primaryimage\"},\"thumbnailUrl\":\"https:\\\/\\\/cultureroadtravel.com\\\/wp-content\\\/uploads\\\/2024\\\/03\\\/Iraq-Baghdad-Al-Shaheed-Monument-001.jpg\",\"datePublished\":\"2024-10-18T08:22:37+00:00\",\"dateModified\":\"2026-01-22T11:22:08+00:00\",\"description\":\"Al onze bestemmingen in het Midden-Oosten in \u00e9\u00e9n overzicht. Gemakkelijk te navigeren en klaar om je te helpen bij het plannen van je reis.\",\"breadcrumb\":{\"@id\":\"https:\\\/\\\/cultureroadtravel.com\\\/nl\\\/midden-oosten\\\/#breadcrumb\"},\"inLanguage\":\"nl-NL\"},{\"@type\":\"ImageObject\",\"inLanguage\":\"nl-NL\",\"@id\":\"https:\\\/\\\/cultureroadtravel.com\\\/nl\\\/midden-oosten\\\/#primaryimage\",\"url\":\"https:\\\/\\\/cultureroadtravel.com\\\/wp-content\\\/uploads\\\/2024\\\/03\\\/Iraq-Baghdad-Al-Shaheed-Monument-001.jpg\",\"contentUrl\":\"https:\\\/\\\/cultureroadtravel.com\\\/wp-content\\\/uploads\\\/2024\\\/03\\\/Iraq-Baghdad-Al-Shaheed-Monument-001.jpg\",\"width\":1200,\"height\":800},{\"@type\":\"BreadcrumbList\",\"@id\":\"https:\\\/\\\/cultureroadtravel.com\\\/nl\\\/midden-oosten\\\/#breadcrumb\",\"itemListElement\":[{\"@type\":\"ListItem\",\"position\":1,\"name\":\"Home\",\"item\":\"https:\\\/\\\/cultureroadtravel.com\\\/nl\\\/\"},{\"@type\":\"ListItem\",\"position\":2,\"name\":\"Midden-Oosten\"}]},{\"@type\":\"WebSite\",\"@id\":\"https:\\\/\\\/cultureroadtravel.com\\\/nl\\\/#website\",\"url\":\"https:\\\/\\\/cultureroadtravel.com\\\/nl\\\/\",\"name\":\"CultureRoad Travel\",\"description\":\"Roam off the tourist path with CultureRoad Travel\",\"publisher\":{\"@id\":\"https:\\\/\\\/cultureroadtravel.com\\\/nl\\\/#organization\"},\"potentialAction\":[{\"@type\":\"SearchAction\",\"target\":{\"@type\":\"EntryPoint\",\"urlTemplate\":\"https:\\\/\\\/cultureroadtravel.com\\\/nl\\\/?s={search_term_string}\"},\"query-input\":{\"@type\":\"PropertyValueSpecification\",\"valueRequired\":true,\"valueName\":\"search_term_string\"}}],\"inLanguage\":\"nl-NL\"},{\"@type\":\"Organization\",\"@id\":\"https:\\\/\\\/cultureroadtravel.com\\\/nl\\\/#organization\",\"name\":\"CultureRoad Travel\",\"url\":\"https:\\\/\\\/cultureroadtravel.com\\\/nl\\\/\",\"logo\":{\"@type\":\"ImageObject\",\"inLanguage\":\"nl-NL\",\"@id\":\"https:\\\/\\\/cultureroadtravel.com\\\/nl\\\/#\\\/schema\\\/logo\\\/image\\\/\",\"url\":\"https:\\\/\\\/cultureroadtravel.com\\\/wp-content\\\/uploads\\\/2021\\\/01\\\/Culture_Road_Logo.svg\",\"contentUrl\":\"https:\\\/\\\/cultureroadtravel.com\\\/wp-content\\\/uploads\\\/2021\\\/01\\\/Culture_Road_Logo.svg\",\"width\":1,\"height\":1,\"caption\":\"CultureRoad Travel\"},\"image\":{\"@id\":\"https:\\\/\\\/cultureroadtravel.com\\\/nl\\\/#\\\/schema\\\/logo\\\/image\\\/\"},\"sameAs\":[\"https:\\\/\\\/www.facebook.com\\\/CultureRoadtravel\\\/\",\"https:\\\/\\\/www.instagram.com\\\/cultureroadtravel\\\/\",\"https:\\\/\\\/www.linkedin.com\\\/company\\\/9376780\\\/admin\\\/\"]}]}<\/script>\n<!-- \/ Yoast SEO Premium plugin. -->","yoast_head_json":{"title":"Bekijk onze bestemmingen in het Midden-Oosten | CultureRoad","description":"Al onze bestemmingen in het Midden-Oosten in \u00e9\u00e9n overzicht. Gemakkelijk te navigeren en klaar om je te helpen bij het plannen van je reis.","robots":{"index":"index","follow":"follow","max-snippet":"max-snippet:-1","max-image-preview":"max-image-preview:large","max-video-preview":"max-video-preview:-1"},"canonical":"https:\/\/cultureroadtravel.com\/nl\/midden-oosten\/","og_locale":"nl_NL","og_type":"article","og_title":"Midden-Oosten","og_description":"Al onze bestemmingen in het Midden-Oosten in \u00e9\u00e9n overzicht. Gemakkelijk te navigeren en klaar om je te helpen bij het plannen van je reis.","og_url":"https:\/\/cultureroadtravel.com\/nl\/midden-oosten\/","og_site_name":"CultureRoad Travel","article_publisher":"https:\/\/www.facebook.com\/CultureRoadtravel\/","article_modified_time":"2026-01-22T11:22:08+00:00","og_image":[{"width":1200,"height":800,"url":"https:\/\/cultureroadtravel.com\/wp-content\/uploads\/2024\/03\/Iraq-Baghdad-Al-Shaheed-Monument-001.jpg","type":"image\/jpeg"}],"twitter_card":"summary_large_image","twitter_misc":{"Geschatte leestijd":"5 minuten"},"schema":{"@context":"https:\/\/schema.org","@graph":[{"@type":["WebPage","CollectionPage"],"@id":"https:\/\/cultureroadtravel.com\/nl\/midden-oosten\/","url":"https:\/\/cultureroadtravel.com\/nl\/midden-oosten\/","name":"Bekijk onze bestemmingen in het Midden-Oosten | CultureRoad","isPartOf":{"@id":"https:\/\/cultureroadtravel.com\/nl\/#website"},"primaryImageOfPage":{"@id":"https:\/\/cultureroadtravel.com\/nl\/midden-oosten\/#primaryimage"},"image":{"@id":"https:\/\/cultureroadtravel.com\/nl\/midden-oosten\/#primaryimage"},"thumbnailUrl":"https:\/\/cultureroadtravel.com\/wp-content\/uploads\/2024\/03\/Iraq-Baghdad-Al-Shaheed-Monument-001.jpg","datePublished":"2024-10-18T08:22:37+00:00","dateModified":"2026-01-22T11:22:08+00:00","description":"Al onze bestemmingen in het Midden-Oosten in \u00e9\u00e9n overzicht. Gemakkelijk te navigeren en klaar om je te helpen bij het plannen van je reis.","breadcrumb":{"@id":"https:\/\/cultureroadtravel.com\/nl\/midden-oosten\/#breadcrumb"},"inLanguage":"nl-NL"},{"@type":"ImageObject","inLanguage":"nl-NL","@id":"https:\/\/cultureroadtravel.com\/nl\/midden-oosten\/#primaryimage","url":"https:\/\/cultureroadtravel.com\/wp-content\/uploads\/2024\/03\/Iraq-Baghdad-Al-Shaheed-Monument-001.jpg","contentUrl":"https:\/\/cultureroadtravel.com\/wp-content\/uploads\/2024\/03\/Iraq-Baghdad-Al-Shaheed-Monument-001.jpg","width":1200,"height":800},{"@type":"BreadcrumbList","@id":"https:\/\/cultureroadtravel.com\/nl\/midden-oosten\/#breadcrumb","itemListElement":[{"@type":"ListItem","position":1,"name":"Home","item":"https:\/\/cultureroadtravel.com\/nl\/"},{"@type":"ListItem","position":2,"name":"Midden-Oosten"}]},{"@type":"WebSite","@id":"https:\/\/cultureroadtravel.com\/nl\/#website","url":"https:\/\/cultureroadtravel.com\/nl\/","name":"CultureRoad Travel","description":"Roam off the tourist path with CultureRoad Travel","publisher":{"@id":"https:\/\/cultureroadtravel.com\/nl\/#organization"},"potentialAction":[{"@type":"SearchAction","target":{"@type":"EntryPoint","urlTemplate":"https:\/\/cultureroadtravel.com\/nl\/?s={search_term_string}"},"query-input":{"@type":"PropertyValueSpecification","valueRequired":true,"valueName":"search_term_string"}}],"inLanguage":"nl-NL"},{"@type":"Organization","@id":"https:\/\/cultureroadtravel.com\/nl\/#organization","name":"CultureRoad Travel","url":"https:\/\/cultureroadtravel.com\/nl\/","logo":{"@type":"ImageObject","inLanguage":"nl-NL","@id":"https:\/\/cultureroadtravel.com\/nl\/#\/schema\/logo\/image\/","url":"https:\/\/cultureroadtravel.com\/wp-content\/uploads\/2021\/01\/Culture_Road_Logo.svg","contentUrl":"https:\/\/cultureroadtravel.com\/wp-content\/uploads\/2021\/01\/Culture_Road_Logo.svg","width":1,"height":1,"caption":"CultureRoad Travel"},"image":{"@id":"https:\/\/cultureroadtravel.com\/nl\/#\/schema\/logo\/image\/"},"sameAs":["https:\/\/www.facebook.com\/CultureRoadtravel\/","https:\/\/www.instagram.com\/cultureroadtravel\/","https:\/\/www.linkedin.com\/company\/9376780\/admin\/"]}]}},"_links":{"self":[{"href":"https:\/\/cultureroadtravel.com\/nl\/wp-json\/wp\/v2\/pages\/36915","targetHints":{"allow":["GET"]}}],"collection":[{"href":"https:\/\/cultureroadtravel.com\/nl\/wp-json\/wp\/v2\/pages"}],"about":[{"href":"https:\/\/cultureroadtravel.com\/nl\/wp-json\/wp\/v2\/types\/page"}],"author":[{"embeddable":true,"href":"https:\/\/cultureroadtravel.com\/nl\/wp-json\/wp\/v2\/users\/2"}],"replies":[{"embeddable":true,"href":"https:\/\/cultureroadtravel.com\/nl\/wp-json\/wp\/v2\/comments?post=36915"}],"version-history":[{"count":2,"href":"https:\/\/cultureroadtravel.com\/nl\/wp-json\/wp\/v2\/pages\/36915\/revisions"}],"predecessor-version":[{"id":50361,"href":"https:\/\/cultureroadtravel.com\/nl\/wp-json\/wp\/v2\/pages\/36915\/revisions\/50361"}],"wp:featuredmedia":[{"embeddable":true,"href":"https:\/\/cultureroadtravel.com\/nl\/wp-json\/wp\/v2\/media\/31594"}],"wp:attachment":[{"href":"https:\/\/cultureroadtravel.com\/nl\/wp-json\/wp\/v2\/media?parent=36915"}],"curies":[{"name":"wp","href":"https:\/\/api.w.org\/{rel}","templated":true}]}}