{"id":30203,"date":"2024-03-08T14:37:24","date_gmt":"2024-03-08T14:37:24","guid":{"rendered":"https:\/\/cultureroadtravel.com\/?page_id=30203"},"modified":"2025-03-24T15:09:01","modified_gmt":"2025-03-24T15:09:01","slug":"sao-tome-principe","status":"publish","type":"page","link":"https:\/\/cultureroadtravel.com\/nl\/sao-tome-principe\/","title":{"rendered":"S\u00e3o Tom\u00e9 en Pr\u00edncipe"},"content":{"rendered":"\n<div class=\"wp-block-kft-block-row kft-row-block kft-background kft-background--general kft-styles-1c3dc0e7\"><div class=\"kft-row-block__inner\">\n<div class=\"wp-block-kft-block-column kft-column-block kft-styles-3a8c1c28\"><div class=\"kft-column-block__inner\">\n<h1 class=\"wp-block-heading\" id=\"h-sao-tome-en-principe-waar-avontuur-en-ontspanning-elkaar-ontmoeten-in-een-tropische-omgeving\">S\u00e3o Tom\u00e9 en Pr\u00edncipe: Waar avontuur en ontspanning elkaar ontmoeten in een tropische omgeving<\/h1>\n\n\n\n<p class=\"has-text-align-left\">Welkom op S\u00e3o Tom\u00e9 en Pr\u00edncipe &#8211; jouw tropische ontsnapping in de Golf van Guinee! Een paar eilanden voor de kust van Afrika. S\u00e3o Tom\u00e9 is het grootste eiland, vol met steden, koloniale geschiedenis en cacaoplantages. Pr\u00edncipe is kleiner maar relaxed, met prachtige stranden en jungles met unieke wilde dieren. Proef de plaatselijke keuken en ervaar de charme van deze eilanden. Dit wil je niet missen, ga mee op een van onze tours om deel uit te maken van dit avontuur!<\/p>\n\n\n\n<div class=\"wp-block-media-text is-stacked-on-mobile\"><figure class=\"wp-block-media-text__media\"><a href=\"https:\/\/cultureroadtravel.com\/nl\/sao-tome-principe\/sao-tome-principe-tour\/\"><img  loading=\"lazy\"  decoding=\"async\"  width=\"1200\"  height=\"900\"  src=\"https:\/\/cultureroadtravel.com\/wp-content\/uploads\/2024\/03\/PHOTO-2024-02-25-08-54-28.jpg\"  alt=\"group tour in Sa\u00f5 Tom\u00e9\"  class=\"wp-image-30225 size-full\"  srcset=\"https:\/\/cultureroadtravel.com\/wp-content\/uploads\/2024\/03\/PHOTO-2024-02-25-08-54-28.jpg 1200w, https:\/\/cultureroadtravel.com\/wp-content\/uploads\/2024\/03\/PHOTO-2024-02-25-08-54-28-768x576.jpg 768w, https:\/\/cultureroadtravel.com\/wp-content\/uploads\/2024\/03\/PHOTO-2024-02-25-08-54-28-80x60.jpg 80w\"  sizes=\"auto, (max-width: 1200px) 100vw, 1200px\" ><\/a><\/figure><div class=\"wp-block-media-text__content\">\n<div class=\"wp-block-kft-block-heading kft-heading-block kft-styles-95638b24\"><div class=\"kft-heading-block__inner\"><h2 class=\"kft-heading-block__content\"><a href=\"https:\/\/cultureroadtravel.com\/nl\/sao-tome-principe\/sao-tome-principe-tour\/\">Groepstour: S\u00e3o Tom\u00e9 en Pr\u00edncipe<\/a><\/h2><\/div><\/div>\n\n\n\n<p>Ga in maart mee met onze groepsreis in S\u00e3o Tom\u00e9 en Pr\u00edncipe. Reis samen met een kleine en leuke groep ontdekkingsreizigers!<br><strong>Highlights<\/strong>: Diogo Vaz Shopping, Pico de Cao Grande, Rolas Island en Blue Lagoon Beach.<\/p>\n<\/div><\/div>\n\n\n\n<div class=\"wp-block-media-text is-stacked-on-mobile\"><figure class=\"wp-block-media-text__media\"><a href=\"https:\/\/cultureroadtravel.com\/nl\/sao-tome-principe\/sao-tome-en-principe-8-dagen-tour\/\"><img  decoding=\"async\"  src=\"https:\/\/cultureroadtravel.com\/wp-content\/uploads\/2024\/03\/Sao-Tome-Principe-Sea-Views-1-1.jpg\"  alt=\"beach in Sa\u00f5 Tom\u00e9\"  class=\"wp-image-30222 size-full\" ><\/a><\/figure><div class=\"wp-block-media-text__content\">\n<div class=\"wp-block-kft-block-heading kft-heading-block kft-styles-26e9698d\"><div class=\"kft-heading-block__inner\"><h2 class=\"kft-heading-block__content\"><a href=\"https:\/\/cultureroadtravel.com\/nl\/sao-tome-principe\/sao-tome-en-principe-8-dagen-tour\/\">Priv\u00e9 Tour: 8 Daagse S\u00e3o Tom\u00e9 en Pr\u00edncipe<\/a><\/h2><\/div><\/div>\n\n\n\n<p>Een snelle priv\u00e9tour door S\u00e3o Tom\u00e9 en Pr\u00edncipe.<br><strong>Highlights<\/strong>: Diogo Vaz Shopping, Pico de Cao Grande, Rolas Island en Mangrove Tour.<\/p>\n<\/div><\/div>\n\n\n\n<div class=\"wp-block-buttons is-layout-flex wp-block-buttons-is-layout-flex\">\n<div class=\"wp-block-button\"><a class=\"wp-block-button__link wp-element-button\" href=\"https:\/\/cultureroadtravel.com\/nl\/sao-tome-principe\/praktische-informatie-over-sao-tome-en-principe\/\">Lees alle praktische informatie<\/a><\/div>\n\n\n\n<div class=\"wp-block-button\"><a class=\"wp-block-button__link has-luminous-vivid-amber-background-color has-background wp-element-button\" href=\"https:\/\/cultureroadtravel.com\/nl\/maak-de-reis-van-je-leven\/\">Neem contact op met<\/a><\/div>\n<\/div>\n<\/div><\/div>\n\n\n\n<div class=\"wp-block-kft-block-column kft-column-block kft-styles-d4c8a6bf\"><div class=\"kft-column-block__inner\">\n<figure class=\"wp-block-image size-full is-resized\"><img  loading=\"lazy\"  decoding=\"async\"  width=\"1200\"  height=\"800\"  src=\"https:\/\/cultureroadtravel.com\/wp-content\/uploads\/2024\/03\/sao-tome-and-principe-162411_1280.png\"  alt=\"\"  class=\"wp-image-30205\"  style=\"width:165px;height:auto\"  srcset=\"https:\/\/cultureroadtravel.com\/wp-content\/uploads\/2024\/03\/sao-tome-and-principe-162411_1280.png 1200w, https:\/\/cultureroadtravel.com\/wp-content\/uploads\/2024\/03\/sao-tome-and-principe-162411_1280-768x512.png 768w, https:\/\/cultureroadtravel.com\/wp-content\/uploads\/2024\/03\/sao-tome-and-principe-162411_1280-80x53.png 80w\"  sizes=\"auto, (max-width: 1200px) 100vw, 1200px\" ><\/figure>\n\n\n\n<div class=\"wp-block-kft-block-heading kft-heading-block kft-styles-d9150ce6\"><div class=\"kft-heading-block__inner\"><h3 class=\"kft-heading-block__content\">S\u00e3o Tom\u00e9 and Pr\u00edncipe<\/h3><\/div><\/div>\n\n\n\n<div class=\"wp-block-kft-block-spacing kft-spacing kft-styles-e347aaa8\"><\/div>\n\n\n\n<p><strong>Naam:<\/strong> Democratische Republiek S\u00e3o Tom\u00e9 en Pr\u00edncipe<br><strong>Hoofdstad:<\/strong> Sa\u00f5 Tom\u00e9<br><strong>Bevolking:<\/strong> 220.372<br><strong>Oppervlakte:<\/strong> 1.001&nbsp;km\u00b2<br><strong>Taal:<\/strong> Portugees, Forro<\/p>\n<\/div><\/div>\n<\/div><\/div>\n\n\n\n<figure class=\"wp-block-gallery has-nested-images columns-default is-cropped wp-block-gallery-1 is-layout-flex wp-block-gallery-is-layout-flex\">\n<figure data-wp-context=\"{&quot;imageId&quot;:&quot;69f11a7be144c&quot;}\" data-wp-interactive=\"core\/image\" data-wp-key=\"69f11a7be144c\" class=\"wp-block-image size-full wp-lightbox-container\"><img  loading=\"lazy\"  decoding=\"async\"  width=\"1200\"  height=\"675\"  data-wp-class--hide=\"state.isContentHidden\"  data-wp-class--show=\"state.isContentVisible\"  data-wp-init=\"callbacks.setButtonStyles\"  data-wp-on--click=\"actions.showLightbox\"  data-wp-on--load=\"callbacks.setButtonStyles\"  data-wp-on-window--resize=\"callbacks.setButtonStyles\"  data-id=\"30240\"  src=\"https:\/\/cultureroadtravel.com\/wp-content\/uploads\/2024\/03\/PHOTO-2024-02-29-18-30-23.jpg\"  alt=\"Sa\u00f5 Tom\u00e9\"  class=\"wp-image-30240\"  srcset=\"https:\/\/cultureroadtravel.com\/wp-content\/uploads\/2024\/03\/PHOTO-2024-02-29-18-30-23.jpg 1200w, https:\/\/cultureroadtravel.com\/wp-content\/uploads\/2024\/03\/PHOTO-2024-02-29-18-30-23-768x432.jpg 768w, https:\/\/cultureroadtravel.com\/wp-content\/uploads\/2024\/03\/PHOTO-2024-02-29-18-30-23-80x45.jpg 80w\"  sizes=\"auto, (max-width: 1200px) 100vw, 1200px\" ><button\n\t\t\tclass=\"lightbox-trigger\"\n\t\t\ttype=\"button\"\n\t\t\taria-haspopup=\"dialog\"\n\t\t\taria-label=\"Vergroten\"\n\t\t\tdata-wp-init=\"callbacks.initTriggerButton\"\n\t\t\tdata-wp-on--click=\"actions.showLightbox\"\n\t\t\tdata-wp-style--right=\"state.imageButtonRight\"\n\t\t\tdata-wp-style--top=\"state.imageButtonTop\"\n\t\t>\n\t\t\t<svg xmlns=\"http:\/\/www.w3.org\/2000\/svg\" width=\"12\" height=\"12\" fill=\"none\" viewBox=\"0 0 12 12\">\n\t\t\t\t<path fill=\"#fff\" d=\"M2 0a2 2 0 0 0-2 2v2h1.5V2a.5.5 0 0 1 .5-.5h2V0H2Zm2 10.5H2a.5.5 0 0 1-.5-.5V8H0v2a2 2 0 0 0 2 2h2v-1.5ZM8 12v-1.5h2a.5.5 0 0 0 .5-.5V8H12v2a2 2 0 0 1-2 2H8Zm2-12a2 2 0 0 1 2 2v2h-1.5V2a.5.5 0 0 0-.5-.5H8V0h2Z\" \/>\n\t\t\t<\/svg>\n\t\t<\/button><\/figure>\n\n\n\n<figure data-wp-context=\"{&quot;imageId&quot;:&quot;69f11a7be176b&quot;}\" data-wp-interactive=\"core\/image\" data-wp-key=\"69f11a7be176b\" class=\"wp-block-image size-full wp-lightbox-container\"><img  loading=\"lazy\"  decoding=\"async\"  width=\"1200\"  height=\"675\"  data-wp-class--hide=\"state.isContentHidden\"  data-wp-class--show=\"state.isContentVisible\"  data-wp-init=\"callbacks.setButtonStyles\"  data-wp-on--click=\"actions.showLightbox\"  data-wp-on--load=\"callbacks.setButtonStyles\"  data-wp-on-window--resize=\"callbacks.setButtonStyles\"  data-id=\"30237\"  src=\"https:\/\/cultureroadtravel.com\/wp-content\/uploads\/2024\/03\/PHOTO-2024-02-29-18-30-18-2-1.jpg\"  alt=\"Sa\u00f5 Tom\u00e9\"  class=\"wp-image-30237\"  srcset=\"https:\/\/cultureroadtravel.com\/wp-content\/uploads\/2024\/03\/PHOTO-2024-02-29-18-30-18-2-1.jpg 1200w, https:\/\/cultureroadtravel.com\/wp-content\/uploads\/2024\/03\/PHOTO-2024-02-29-18-30-18-2-1-768x432.jpg 768w, https:\/\/cultureroadtravel.com\/wp-content\/uploads\/2024\/03\/PHOTO-2024-02-29-18-30-18-2-1-80x45.jpg 80w\"  sizes=\"auto, (max-width: 1200px) 100vw, 1200px\" ><button\n\t\t\tclass=\"lightbox-trigger\"\n\t\t\ttype=\"button\"\n\t\t\taria-haspopup=\"dialog\"\n\t\t\taria-label=\"Vergroten\"\n\t\t\tdata-wp-init=\"callbacks.initTriggerButton\"\n\t\t\tdata-wp-on--click=\"actions.showLightbox\"\n\t\t\tdata-wp-style--right=\"state.imageButtonRight\"\n\t\t\tdata-wp-style--top=\"state.imageButtonTop\"\n\t\t>\n\t\t\t<svg xmlns=\"http:\/\/www.w3.org\/2000\/svg\" width=\"12\" height=\"12\" fill=\"none\" viewBox=\"0 0 12 12\">\n\t\t\t\t<path fill=\"#fff\" d=\"M2 0a2 2 0 0 0-2 2v2h1.5V2a.5.5 0 0 1 .5-.5h2V0H2Zm2 10.5H2a.5.5 0 0 1-.5-.5V8H0v2a2 2 0 0 0 2 2h2v-1.5ZM8 12v-1.5h2a.5.5 0 0 0 .5-.5V8H12v2a2 2 0 0 1-2 2H8Zm2-12a2 2 0 0 1 2 2v2h-1.5V2a.5.5 0 0 0-.5-.5H8V0h2Z\" \/>\n\t\t\t<\/svg>\n\t\t<\/button><\/figure>\n\n\n\n<figure data-wp-context=\"{&quot;imageId&quot;:&quot;69f11a7be1a0d&quot;}\" data-wp-interactive=\"core\/image\" data-wp-key=\"69f11a7be1a0d\" class=\"wp-block-image size-full wp-lightbox-container\"><img  loading=\"lazy\"  decoding=\"async\"  width=\"1200\"  height=\"675\"  data-wp-class--hide=\"state.isContentHidden\"  data-wp-class--show=\"state.isContentVisible\"  data-wp-init=\"callbacks.setButtonStyles\"  data-wp-on--click=\"actions.showLightbox\"  data-wp-on--load=\"callbacks.setButtonStyles\"  data-wp-on-window--resize=\"callbacks.setButtonStyles\"  data-id=\"30243\"  src=\"https:\/\/cultureroadtravel.com\/wp-content\/uploads\/2024\/03\/PHOTO-2024-02-29-18-30-15.jpg\"  alt=\"Equator line Sa\u00f5 Tom\u00e9\"  class=\"wp-image-30243\"  srcset=\"https:\/\/cultureroadtravel.com\/wp-content\/uploads\/2024\/03\/PHOTO-2024-02-29-18-30-15.jpg 1200w, https:\/\/cultureroadtravel.com\/wp-content\/uploads\/2024\/03\/PHOTO-2024-02-29-18-30-15-768x432.jpg 768w, https:\/\/cultureroadtravel.com\/wp-content\/uploads\/2024\/03\/PHOTO-2024-02-29-18-30-15-80x45.jpg 80w\"  sizes=\"auto, (max-width: 1200px) 100vw, 1200px\" ><button\n\t\t\tclass=\"lightbox-trigger\"\n\t\t\ttype=\"button\"\n\t\t\taria-haspopup=\"dialog\"\n\t\t\taria-label=\"Vergroten\"\n\t\t\tdata-wp-init=\"callbacks.initTriggerButton\"\n\t\t\tdata-wp-on--click=\"actions.showLightbox\"\n\t\t\tdata-wp-style--right=\"state.imageButtonRight\"\n\t\t\tdata-wp-style--top=\"state.imageButtonTop\"\n\t\t>\n\t\t\t<svg xmlns=\"http:\/\/www.w3.org\/2000\/svg\" width=\"12\" height=\"12\" fill=\"none\" viewBox=\"0 0 12 12\">\n\t\t\t\t<path fill=\"#fff\" d=\"M2 0a2 2 0 0 0-2 2v2h1.5V2a.5.5 0 0 1 .5-.5h2V0H2Zm2 10.5H2a.5.5 0 0 1-.5-.5V8H0v2a2 2 0 0 0 2 2h2v-1.5ZM8 12v-1.5h2a.5.5 0 0 0 .5-.5V8H12v2a2 2 0 0 1-2 2H8Zm2-12a2 2 0 0 1 2 2v2h-1.5V2a.5.5 0 0 0-.5-.5H8V0h2Z\" \/>\n\t\t\t<\/svg>\n\t\t<\/button><\/figure>\n<\/figure>\n\n\n\n<div class=\"wp-block-kft-block-accordions kft-accordions kft-styles-78707bed\" data-colapse=\"true\">\n<div class=\"wp-block-kft-block-accordion-item kft-accordion-item kft-styles-d55c67a0\"><div class=\"kft-accordion-item__title\"><div class=\"kft-accordion-item__title-inner\">Highlights S\u00e3o Tom\u00e9 en Pr\u00edncipe<\/div><span class=\"kft-accordion-item__icon\"><\/span><\/div><div class=\"kft-accordion-item__content\">\n<div class=\"wp-block-kft-block-heading kft-heading-block kft-styles-17e4e9e3\"><div class=\"kft-heading-block__inner\"><h3 class=\"kft-heading-block__content\"><br>Pico de Cao Grande<\/h3><\/div><\/div>\n\n\n\n<p>De Pico de Cao Grande is een prachtig gezicht in Sao Tom\u00e9, met zijn hoge, naaldvormige piek die het landschap van het eiland nog mooier maakt. Deze berg is 663 meter hoog en zichtbaar over het hele eiland.<\/p>\n\n\n\n<div class=\"wp-block-kft-block-heading kft-heading-block kft-styles-a2ff7c5a\"><div class=\"kft-heading-block__inner\"><h3 class=\"kft-heading-block__content\">Rolas Island<\/h3><\/div><\/div>\n\n\n\n<p>Dit eiland ligt waar de evenaar S\u00e3o Tom\u00e9 en Pr\u00edncipe kruist.\u00a0Het heeft een dorpse omgeving die zorgt voor een unieke &amp; leuke sfeer die bezoekers uitnodigt om de charme ervan te ontdekken.<\/p>\n\n\n\n<div class=\"wp-block-kft-block-heading kft-heading-block kft-styles-a2753560\"><div class=\"kft-heading-block__inner\"><h3 class=\"kft-heading-block__content\">Diogo Vaz Shopping <\/h3><\/div><\/div>\n\n\n\n<p>Diogo Vaz Shopping is een populaire winkelbestemming in Sao Tom\u00e9, met een gevarieerd aanbod aan winkels en boetieks. Bezoekers kunnen een levendige mix van lokale en internationale producten ontdekken, waardoor het een bruisend winkelcentrum in het hart van de stad is.<\/p>\n<\/div><\/div>\n<\/div>\n\n\n\n<div class=\"wp-block-kft-block-row kft-row-block kft-background kft-background--general kft-styles-6d62eb60\" data-kft-fullwidth=\"wrapper\"><div class=\"kft-row-block__inner\">\n<div class=\"wp-block-kft-block-column kft-column-block kft-styles-c10fecd8\"><div class=\"kft-column-block__inner\">\n<h3 class=\"wp-block-heading kft-block-56eb5255\" id=\"h-weet-je-al-wat-je-zoekt\">Weet je al wat je zoekt?<\/h3>\n<\/div><\/div>\n\n\n\n<div class=\"wp-block-kft-block-column kft-column-block kft-styles-93b6efe0\"><div class=\"kft-column-block__inner\">\n<div class=\"wp-block-buttons kft-block-e45d2826 is-layout-flex wp-block-buttons-is-layout-flex\">\n<div class=\"wp-block-button big-btn kft-block-86a1668a\"><a class=\"wp-block-button__link wp-element-button\" href=\"https:\/\/cultureroadtravel.com\/nl\/maak-de-reis-van-je-leven\/\">Begin je reis hier<\/a><\/div>\n<\/div>\n<\/div><\/div>\n<\/div><\/div>\n\n\n\n<div class=\"wp-block-kft-block-spacing kft-spacing kft-styles-3b43b120\"><\/div>\n\n\n\n<h2 class=\"wp-block-heading\" id=\"h-blogberichten-over-sao-tome-en-principe\">Blogberichten over S\u00e3o Tom\u00e9 en Pr\u00edncipe<\/h2>\n","protected":false},"excerpt":{"rendered":"<p>Blogberichten over S\u00e3o Tom\u00e9 en Pr\u00edncipe<\/p>\n","protected":false},"author":2,"featured_media":30253,"parent":0,"menu_order":0,"comment_status":"closed","ping_status":"closed","template":"","meta":{"_acf_changed":false,"footnotes":""},"class_list":["post-30203","page","type-page","status-publish","has-post-thumbnail","hentry"],"acf":[],"yoast_head":"<!-- This site is optimized with the Yoast SEO Premium plugin v27.4 (Yoast SEO v27.4) - https:\/\/yoast.com\/product\/yoast-seo-premium-wordpress\/ -->\n<title>S\u00e3o Tom\u00e9 en Pr\u00edncipe | Priv\u00e9- en groepsreizen | CultureRoad<\/title>\n<meta name=\"description\" content=\"Altijd al S\u00e3o Tom\u00e9 en Pr\u00edncipe willen bezoeken? Wij nemen je mee op een veilige en verantwoorde tour! Kom en verken deze schoonheid met ons!\" \/>\n<meta name=\"robots\" content=\"index, follow, max-snippet:-1, max-image-preview:large, max-video-preview:-1\" \/>\n<link rel=\"canonical\" href=\"https:\/\/cultureroadtravel.com\/nl\/sao-tome-principe\/\" \/>\n<meta property=\"og:locale\" content=\"nl_NL\" \/>\n<meta property=\"og:type\" content=\"article\" \/>\n<meta property=\"og:title\" content=\"S\u00e3o Tom\u00e9 en Pr\u00edncipe\" \/>\n<meta property=\"og:description\" content=\"Altijd al S\u00e3o Tom\u00e9 en Pr\u00edncipe willen bezoeken? Wij nemen je mee op een veilige en verantwoorde tour! Kom en verken deze schoonheid met ons!\" \/>\n<meta property=\"og:url\" content=\"https:\/\/cultureroadtravel.com\/nl\/sao-tome-principe\/\" \/>\n<meta property=\"og:site_name\" content=\"CultureRoad Travel\" \/>\n<meta property=\"article:publisher\" content=\"https:\/\/www.facebook.com\/CultureRoadtravel\/\" \/>\n<meta property=\"article:modified_time\" content=\"2025-03-24T15:09:01+00:00\" \/>\n<meta property=\"og:image\" content=\"https:\/\/cultureroadtravel.com\/wp-content\/uploads\/2024\/03\/PHOTO-2024-02-29-18-30-15-2.jpg\" \/>\n\t<meta property=\"og:image:width\" content=\"1200\" \/>\n\t<meta property=\"og:image:height\" content=\"675\" \/>\n\t<meta property=\"og:image:type\" content=\"image\/jpeg\" \/>\n<meta name=\"twitter:card\" content=\"summary_large_image\" \/>\n<meta name=\"twitter:label1\" content=\"Geschatte leestijd\" \/>\n\t<meta name=\"twitter:data1\" content=\"3 minuten\" \/>\n<script type=\"application\/ld+json\" class=\"yoast-schema-graph\">{\"@context\":\"https:\\\/\\\/schema.org\",\"@graph\":[{\"@type\":\"WebPage\",\"@id\":\"https:\\\/\\\/cultureroadtravel.com\\\/nl\\\/sao-tome-principe\\\/\",\"url\":\"https:\\\/\\\/cultureroadtravel.com\\\/nl\\\/sao-tome-principe\\\/\",\"name\":\"S\u00e3o Tom\u00e9 en Pr\u00edncipe | Priv\u00e9- en groepsreizen | CultureRoad\",\"isPartOf\":{\"@id\":\"https:\\\/\\\/cultureroadtravel.com\\\/nl\\\/#website\"},\"primaryImageOfPage\":{\"@id\":\"https:\\\/\\\/cultureroadtravel.com\\\/nl\\\/sao-tome-principe\\\/#primaryimage\"},\"image\":{\"@id\":\"https:\\\/\\\/cultureroadtravel.com\\\/nl\\\/sao-tome-principe\\\/#primaryimage\"},\"thumbnailUrl\":\"https:\\\/\\\/cultureroadtravel.com\\\/wp-content\\\/uploads\\\/2024\\\/03\\\/PHOTO-2024-02-29-18-30-15-2.jpg\",\"datePublished\":\"2024-03-08T14:37:24+00:00\",\"dateModified\":\"2025-03-24T15:09:01+00:00\",\"description\":\"Altijd al S\u00e3o Tom\u00e9 en Pr\u00edncipe willen bezoeken? Wij nemen je mee op een veilige en verantwoorde tour! Kom en verken deze schoonheid met ons!\",\"breadcrumb\":{\"@id\":\"https:\\\/\\\/cultureroadtravel.com\\\/nl\\\/sao-tome-principe\\\/#breadcrumb\"},\"inLanguage\":\"nl-NL\",\"potentialAction\":[{\"@type\":\"ReadAction\",\"target\":[\"https:\\\/\\\/cultureroadtravel.com\\\/nl\\\/sao-tome-principe\\\/\"]}]},{\"@type\":\"ImageObject\",\"inLanguage\":\"nl-NL\",\"@id\":\"https:\\\/\\\/cultureroadtravel.com\\\/nl\\\/sao-tome-principe\\\/#primaryimage\",\"url\":\"https:\\\/\\\/cultureroadtravel.com\\\/wp-content\\\/uploads\\\/2024\\\/03\\\/PHOTO-2024-02-29-18-30-15-2.jpg\",\"contentUrl\":\"https:\\\/\\\/cultureroadtravel.com\\\/wp-content\\\/uploads\\\/2024\\\/03\\\/PHOTO-2024-02-29-18-30-15-2.jpg\",\"width\":1200,\"height\":675},{\"@type\":\"BreadcrumbList\",\"@id\":\"https:\\\/\\\/cultureroadtravel.com\\\/nl\\\/sao-tome-principe\\\/#breadcrumb\",\"itemListElement\":[{\"@type\":\"ListItem\",\"position\":1,\"name\":\"Home\",\"item\":\"https:\\\/\\\/cultureroadtravel.com\\\/nl\\\/\"},{\"@type\":\"ListItem\",\"position\":2,\"name\":\"S\u00e3o Tom\u00e9 en Pr\u00edncipe\"}]},{\"@type\":\"WebSite\",\"@id\":\"https:\\\/\\\/cultureroadtravel.com\\\/nl\\\/#website\",\"url\":\"https:\\\/\\\/cultureroadtravel.com\\\/nl\\\/\",\"name\":\"CultureRoad Travel\",\"description\":\"Roam off the tourist path with CultureRoad Travel\",\"publisher\":{\"@id\":\"https:\\\/\\\/cultureroadtravel.com\\\/nl\\\/#organization\"},\"potentialAction\":[{\"@type\":\"SearchAction\",\"target\":{\"@type\":\"EntryPoint\",\"urlTemplate\":\"https:\\\/\\\/cultureroadtravel.com\\\/nl\\\/?s={search_term_string}\"},\"query-input\":{\"@type\":\"PropertyValueSpecification\",\"valueRequired\":true,\"valueName\":\"search_term_string\"}}],\"inLanguage\":\"nl-NL\"},{\"@type\":\"Organization\",\"@id\":\"https:\\\/\\\/cultureroadtravel.com\\\/nl\\\/#organization\",\"name\":\"CultureRoad Travel\",\"url\":\"https:\\\/\\\/cultureroadtravel.com\\\/nl\\\/\",\"logo\":{\"@type\":\"ImageObject\",\"inLanguage\":\"nl-NL\",\"@id\":\"https:\\\/\\\/cultureroadtravel.com\\\/nl\\\/#\\\/schema\\\/logo\\\/image\\\/\",\"url\":\"https:\\\/\\\/cultureroadtravel.com\\\/wp-content\\\/uploads\\\/2021\\\/01\\\/Culture_Road_Logo.svg\",\"contentUrl\":\"https:\\\/\\\/cultureroadtravel.com\\\/wp-content\\\/uploads\\\/2021\\\/01\\\/Culture_Road_Logo.svg\",\"width\":1,\"height\":1,\"caption\":\"CultureRoad Travel\"},\"image\":{\"@id\":\"https:\\\/\\\/cultureroadtravel.com\\\/nl\\\/#\\\/schema\\\/logo\\\/image\\\/\"},\"sameAs\":[\"https:\\\/\\\/www.facebook.com\\\/CultureRoadtravel\\\/\",\"https:\\\/\\\/www.instagram.com\\\/cultureroadtravel\\\/\",\"https:\\\/\\\/www.linkedin.com\\\/company\\\/9376780\\\/admin\\\/\"]}]}<\/script>\n<!-- \/ Yoast SEO Premium plugin. -->","yoast_head_json":{"title":"S\u00e3o Tom\u00e9 en Pr\u00edncipe | Priv\u00e9- en groepsreizen | CultureRoad","description":"Altijd al S\u00e3o Tom\u00e9 en Pr\u00edncipe willen bezoeken? Wij nemen je mee op een veilige en verantwoorde tour! Kom en verken deze schoonheid met ons!","robots":{"index":"index","follow":"follow","max-snippet":"max-snippet:-1","max-image-preview":"max-image-preview:large","max-video-preview":"max-video-preview:-1"},"canonical":"https:\/\/cultureroadtravel.com\/nl\/sao-tome-principe\/","og_locale":"nl_NL","og_type":"article","og_title":"S\u00e3o Tom\u00e9 en Pr\u00edncipe","og_description":"Altijd al S\u00e3o Tom\u00e9 en Pr\u00edncipe willen bezoeken? Wij nemen je mee op een veilige en verantwoorde tour! Kom en verken deze schoonheid met ons!","og_url":"https:\/\/cultureroadtravel.com\/nl\/sao-tome-principe\/","og_site_name":"CultureRoad Travel","article_publisher":"https:\/\/www.facebook.com\/CultureRoadtravel\/","article_modified_time":"2025-03-24T15:09:01+00:00","og_image":[{"width":1200,"height":675,"url":"https:\/\/cultureroadtravel.com\/wp-content\/uploads\/2024\/03\/PHOTO-2024-02-29-18-30-15-2.jpg","type":"image\/jpeg"}],"twitter_card":"summary_large_image","twitter_misc":{"Geschatte leestijd":"3 minuten"},"schema":{"@context":"https:\/\/schema.org","@graph":[{"@type":"WebPage","@id":"https:\/\/cultureroadtravel.com\/nl\/sao-tome-principe\/","url":"https:\/\/cultureroadtravel.com\/nl\/sao-tome-principe\/","name":"S\u00e3o Tom\u00e9 en Pr\u00edncipe | Priv\u00e9- en groepsreizen | CultureRoad","isPartOf":{"@id":"https:\/\/cultureroadtravel.com\/nl\/#website"},"primaryImageOfPage":{"@id":"https:\/\/cultureroadtravel.com\/nl\/sao-tome-principe\/#primaryimage"},"image":{"@id":"https:\/\/cultureroadtravel.com\/nl\/sao-tome-principe\/#primaryimage"},"thumbnailUrl":"https:\/\/cultureroadtravel.com\/wp-content\/uploads\/2024\/03\/PHOTO-2024-02-29-18-30-15-2.jpg","datePublished":"2024-03-08T14:37:24+00:00","dateModified":"2025-03-24T15:09:01+00:00","description":"Altijd al S\u00e3o Tom\u00e9 en Pr\u00edncipe willen bezoeken? Wij nemen je mee op een veilige en verantwoorde tour! Kom en verken deze schoonheid met ons!","breadcrumb":{"@id":"https:\/\/cultureroadtravel.com\/nl\/sao-tome-principe\/#breadcrumb"},"inLanguage":"nl-NL","potentialAction":[{"@type":"ReadAction","target":["https:\/\/cultureroadtravel.com\/nl\/sao-tome-principe\/"]}]},{"@type":"ImageObject","inLanguage":"nl-NL","@id":"https:\/\/cultureroadtravel.com\/nl\/sao-tome-principe\/#primaryimage","url":"https:\/\/cultureroadtravel.com\/wp-content\/uploads\/2024\/03\/PHOTO-2024-02-29-18-30-15-2.jpg","contentUrl":"https:\/\/cultureroadtravel.com\/wp-content\/uploads\/2024\/03\/PHOTO-2024-02-29-18-30-15-2.jpg","width":1200,"height":675},{"@type":"BreadcrumbList","@id":"https:\/\/cultureroadtravel.com\/nl\/sao-tome-principe\/#breadcrumb","itemListElement":[{"@type":"ListItem","position":1,"name":"Home","item":"https:\/\/cultureroadtravel.com\/nl\/"},{"@type":"ListItem","position":2,"name":"S\u00e3o Tom\u00e9 en Pr\u00edncipe"}]},{"@type":"WebSite","@id":"https:\/\/cultureroadtravel.com\/nl\/#website","url":"https:\/\/cultureroadtravel.com\/nl\/","name":"CultureRoad Travel","description":"Roam off the tourist path with CultureRoad Travel","publisher":{"@id":"https:\/\/cultureroadtravel.com\/nl\/#organization"},"potentialAction":[{"@type":"SearchAction","target":{"@type":"EntryPoint","urlTemplate":"https:\/\/cultureroadtravel.com\/nl\/?s={search_term_string}"},"query-input":{"@type":"PropertyValueSpecification","valueRequired":true,"valueName":"search_term_string"}}],"inLanguage":"nl-NL"},{"@type":"Organization","@id":"https:\/\/cultureroadtravel.com\/nl\/#organization","name":"CultureRoad Travel","url":"https:\/\/cultureroadtravel.com\/nl\/","logo":{"@type":"ImageObject","inLanguage":"nl-NL","@id":"https:\/\/cultureroadtravel.com\/nl\/#\/schema\/logo\/image\/","url":"https:\/\/cultureroadtravel.com\/wp-content\/uploads\/2021\/01\/Culture_Road_Logo.svg","contentUrl":"https:\/\/cultureroadtravel.com\/wp-content\/uploads\/2021\/01\/Culture_Road_Logo.svg","width":1,"height":1,"caption":"CultureRoad Travel"},"image":{"@id":"https:\/\/cultureroadtravel.com\/nl\/#\/schema\/logo\/image\/"},"sameAs":["https:\/\/www.facebook.com\/CultureRoadtravel\/","https:\/\/www.instagram.com\/cultureroadtravel\/","https:\/\/www.linkedin.com\/company\/9376780\/admin\/"]}]}},"_links":{"self":[{"href":"https:\/\/cultureroadtravel.com\/nl\/wp-json\/wp\/v2\/pages\/30203","targetHints":{"allow":["GET"]}}],"collection":[{"href":"https:\/\/cultureroadtravel.com\/nl\/wp-json\/wp\/v2\/pages"}],"about":[{"href":"https:\/\/cultureroadtravel.com\/nl\/wp-json\/wp\/v2\/types\/page"}],"author":[{"embeddable":true,"href":"https:\/\/cultureroadtravel.com\/nl\/wp-json\/wp\/v2\/users\/2"}],"replies":[{"embeddable":true,"href":"https:\/\/cultureroadtravel.com\/nl\/wp-json\/wp\/v2\/comments?post=30203"}],"version-history":[{"count":9,"href":"https:\/\/cultureroadtravel.com\/nl\/wp-json\/wp\/v2\/pages\/30203\/revisions"}],"predecessor-version":[{"id":42652,"href":"https:\/\/cultureroadtravel.com\/nl\/wp-json\/wp\/v2\/pages\/30203\/revisions\/42652"}],"wp:featuredmedia":[{"embeddable":true,"href":"https:\/\/cultureroadtravel.com\/nl\/wp-json\/wp\/v2\/media\/30253"}],"wp:attachment":[{"href":"https:\/\/cultureroadtravel.com\/nl\/wp-json\/wp\/v2\/media?parent=30203"}],"curies":[{"name":"wp","href":"https:\/\/api.w.org\/{rel}","templated":true}]}}