{"id":19846,"date":"2023-05-02T15:17:46","date_gmt":"2023-05-02T15:17:46","guid":{"rendered":"https:\/\/cultureroadtravel.com\/?page_id=19846"},"modified":"2025-10-28T09:31:43","modified_gmt":"2025-10-28T09:31:43","slug":"reizen-als-vrouw","status":"publish","type":"page","link":"https:\/\/cultureroadtravel.com\/nl\/reizen-als-vrouw\/","title":{"rendered":"Reizen als vrouw"},"content":{"rendered":"\n<div class=\"wp-block-columns is-layout-flex wp-container-core-columns-is-layout-9d6595d7 wp-block-columns-is-layout-flex\">\n<div class=\"wp-block-column is-layout-flow wp-block-column-is-layout-flow\" style=\"flex-basis:100%\">\n<div class=\"wp-block-kft-block-row kft-row-block kft-background kft-background--general kft-styles-abd175c2\"><div class=\"kft-row-block__inner\">\n<div class=\"wp-block-kft-block-column kft-column-block kft-styles-ed94bba4\"><div class=\"kft-column-block__inner\"><\/div><\/div>\n\n\n\n<div class=\"wp-block-kft-block-column kft-column-block kft-styles-c330104a\"><div class=\"kft-column-block__inner\">\n<div class=\"wp-block-kft-block-heading kft-heading-block kft-styles-dcb8e589\"><div class=\"kft-heading-block__inner\"><h1 class=\"kft-heading-block__content\">Reizen als vrouw &#8211; samen de toekomst versterken<\/h1><\/div><\/div>\n\n\n\n<div class=\"wp-block-kft-block-spacing kft-spacing kft-styles-bafe6925\"><\/div>\n\n\n\n<div class=\"wp-block-kft-block-heading kft-heading-block kft-styles-5d40c964\"><div class=\"kft-heading-block__inner\"><\/div><\/div>\n\n\n\n<p>Op veel plekken is het nog steeds een mannenwereld, maar wij willen graag, waar het kan, hier wat verandering in brengen. We werken met veel (jonge) vrouwen en vinden het belangrijk om dit aantal in de toekomst verder te verhogen. Zo hopen we dat meer vrouwen betere kansen krijgen op werk, hogere lonen verdienen en zich veiliger voelen tijdens het reizen.<\/p>\n\n\n\n<p>We zetten ons in voor de empowerment van vrouwen in het toerisme. We ondersteunen hen als reizigers, gidsen en leiders in minder bekende bestemmingen. Door samen te werken met lokale vrouwelijke gidsen en medewerkers, hopen we in de toekomst meer mogelijkheden voor vrouwen te cre\u00ebren. Met trainingen en steun verhogen we het besef van het belang van vrouwen in deze rollen in verschillende landen, zodat iedereen een betere reiservaring heeft.<\/p>\n\n\n\n<figure class=\"wp-block-image size-large\"><img  loading=\"lazy\"  decoding=\"async\"  width=\"1024\"  height=\"768\"  src=\"https:\/\/cultureroadtravel.com\/wp-content\/uploads\/2023\/05\/Syria-Krak-des-Chevaliers-Crusaders-Castle-Tour-Guides-1024x768.jpg\"  alt=\"Female tour guides in Syria\"  class=\"wp-image-19848\"  srcset=\"https:\/\/cultureroadtravel.com\/wp-content\/uploads\/2023\/05\/Syria-Krak-des-Chevaliers-Crusaders-Castle-Tour-Guides-1024x768.jpg 1024w, https:\/\/cultureroadtravel.com\/wp-content\/uploads\/2023\/05\/Syria-Krak-des-Chevaliers-Crusaders-Castle-Tour-Guides-300x225.jpg 300w, https:\/\/cultureroadtravel.com\/wp-content\/uploads\/2023\/05\/Syria-Krak-des-Chevaliers-Crusaders-Castle-Tour-Guides-768x576.jpg 768w, https:\/\/cultureroadtravel.com\/wp-content\/uploads\/2023\/05\/Syria-Krak-des-Chevaliers-Crusaders-Castle-Tour-Guides-80x60.jpg 80w, https:\/\/cultureroadtravel.com\/wp-content\/uploads\/2023\/05\/Syria-Krak-des-Chevaliers-Crusaders-Castle-Tour-Guides.jpg 1440w\"  sizes=\"auto, (max-width: 1024px) 100vw, 1024px\" ><\/figure>\n\n\n\n<h3 class=\"wp-block-heading\" id=\"h-lokale-vrouwen-als-gidsen\">Lokale vrouwen als gidsen<\/h3>\n\n\n\n<p>Bij CultureRoad vinden we het belangrijk om vrouwen een stem te geven, vooral als het gaat om <a href=\"https:\/\/cultureroadtravel.com\/nl\/team\/\">vrouwelijke gidsen<\/a>. In veel van de plekken die we bezoeken, hebben vrouwen nog niet veel kansen in het toerisme. Daarom zijn we altijd op zoek naar vrouwelijke gidsen en we werken samen om hen een podium te geven voor hun kennis en verhalen. Zo cre\u00ebren we niet alleen betekenisvol werk, maar dragen we ook bij aan het doorbreken van sommige idee\u00ebn en het bevorderen van gelijkheid. Wanneer jij met CultureRoad op reis gaat, help je deze fantastische vrouwen \u00e9n hun gemeenschappen!<\/p>\n\n\n\n<figure class=\"wp-block-image size-large\"><img  loading=\"lazy\"  decoding=\"async\"  width=\"1024\"  height=\"768\"  src=\"https:\/\/cultureroadtravel.com\/wp-content\/uploads\/2023\/03\/Pakistan-Karakoram-Highway-Fairy-Meadows-View-1024x768.jpeg\"  alt=\"Pakistan Karakoram Highway Fairy Meadows Base Camp of Nanga Parbat\"  class=\"wp-image-18681\"  srcset=\"https:\/\/cultureroadtravel.com\/wp-content\/uploads\/2023\/03\/Pakistan-Karakoram-Highway-Fairy-Meadows-View-1024x768.jpeg 1024w, https:\/\/cultureroadtravel.com\/wp-content\/uploads\/2023\/03\/Pakistan-Karakoram-Highway-Fairy-Meadows-View-300x225.jpeg 300w, https:\/\/cultureroadtravel.com\/wp-content\/uploads\/2023\/03\/Pakistan-Karakoram-Highway-Fairy-Meadows-View-768x576.jpeg 768w, https:\/\/cultureroadtravel.com\/wp-content\/uploads\/2023\/03\/Pakistan-Karakoram-Highway-Fairy-Meadows-View-1536x1152.jpeg 1536w, https:\/\/cultureroadtravel.com\/wp-content\/uploads\/2023\/03\/Pakistan-Karakoram-Highway-Fairy-Meadows-View-80x60.jpeg 80w, https:\/\/cultureroadtravel.com\/wp-content\/uploads\/2023\/03\/Pakistan-Karakoram-Highway-Fairy-Meadows-View.jpeg 1600w\"  sizes=\"auto, (max-width: 1024px) 100vw, 1024px\" ><\/figure>\n\n\n\n<h3 class=\"wp-block-heading\" id=\"h-vrouwenschool-in-pakistan\">Vrouwenschool in Pakistan<\/h3>\n\n\n\n<p>We steunen de Outliers Secondary School (OLSS) in Minawar, Pakistan. Dit project biedt kwetsbare meiden toegang tot gratis onderwijs in een gebied waar onderwijs lange tijd buiten bereik was. Met financi\u00eble steun en de mogelijkheid om een dag als vrijwilliger te werken, helpen we deze inspirerende school haar missie voort te zetten. <\/p>\n\n\n\n<figure class=\"wp-block-image size-full\"><img  loading=\"lazy\"  decoding=\"async\"  width=\"1200\"  height=\"900\"  src=\"https:\/\/cultureroadtravel.com\/wp-content\/uploads\/2024\/11\/WhatsApp-Image-2024-04-08-at-6.15.58-AM.jpeg\"  alt=\"\"  class=\"wp-image-38037\"  srcset=\"https:\/\/cultureroadtravel.com\/wp-content\/uploads\/2024\/11\/WhatsApp-Image-2024-04-08-at-6.15.58-AM.jpeg 1200w, https:\/\/cultureroadtravel.com\/wp-content\/uploads\/2024\/11\/WhatsApp-Image-2024-04-08-at-6.15.58-AM-768x576.jpeg 768w, https:\/\/cultureroadtravel.com\/wp-content\/uploads\/2024\/11\/WhatsApp-Image-2024-04-08-at-6.15.58-AM-80x60.jpeg 80w\"  sizes=\"auto, (max-width: 1200px) 100vw, 1200px\" ><\/figure>\n\n\n\n<p>Wil je er meer over weten? Lees onze blog <a href=\"https:\/\/cultureroadtravel.com\/nl\/vrijwillig-meisjesschool-pakistan\/\">hier<\/a>.<\/p>\n\n\n\n<h3 class=\"wp-block-heading\" id=\"h-girl-about-the-globe\">Girl about the Globe<\/h3>\n\n\n\n<p>Wij werken samen met <a href=\"https:\/\/www.girlabouttheglobe.com\/\">Girl about the Globe<\/a>, een met een award bekroonde blog en app die is ontworpen om alleen reizende vrouwen te versterken en met elkaar te verbinden. Dankzij deze samenwerking, ontvangen leden van de Girl about the globe-community korting op boekingen bij CultureRoad. En nog beter \u2013\u00a0elke boeking die via Girl about the Globe wordt gedaan, ondersteunt <a href=\"https:\/\/www.warchild.nl\/?sdim_gc=CjwKCAjw04HIBhB8EiwA8jGNbb1zTXCmWWcRtAdU_LMUap3XJT51D2PV84r2ONwW-SFaG84ndZIE-BoChBgQAvD_BwE&amp;utm_source=google&amp;utm_medium=cpc&amp;utm_campaign=NL_|_Brand&amp;utm_content=War_Child_-_Pure_Brand&amp;utm_term=war%20child&amp;gad_source=1&amp;gad_campaignid=6448893531&amp;gbraid=0AAAAADhfGj583GGmIwwOPcs0anLf6oTGK&amp;gclid=CjwKCAjw04HIBhB8EiwA8jGNbb1zTXCmWWcRtAdU_LMUap3XJT51D2PV84r2ONwW-SFaG84ndZIE-BoChBgQAvD_BwE\">War Child<\/a>, waardoor je een positieve impact achterlaat terwijl je de wereld ontdekt.<\/p>\n\n\n\n<h3 class=\"wp-block-heading\" id=\"h-zero-tolerance-voor-seksuele-uitbuiting\">Zero tolerance voor seksuele uitbuiting<\/h3>\n\n\n\n<p>Wij zijn absoluut tegen uitbuiting en intimidatie. We zorgen ervoor dat onze reizigers weten wat de lokale regels en gewoonten zijn, zodat ze veilig kunnen reizen. Ook geven we tips over hoe ze zich kunnen beschermen en wat ze kunnen doen als ze iets vervelends meemaken. Iedereen heeft recht op een veilige en respectvolle reis, ongeacht wie je bent. Daarom staat veiligheid, respect en bewustzijn centraal in onze reizen. Zo kunnen we op een verantwoorde manier de wereld ontdekken.<\/p>\n\n\n\n<h3 class=\"wp-block-heading\" id=\"h-meer-vrouwen-kiezen-ervoor-om-met-ons-op-pad-te-gaan\">Meer vrouwen kiezen ervoor om met ons op pad te gaan<\/h3>\n\n\n\n<p>We vinden het heel tof om te zien dat steeds meer vrouwen met ons mee op reis gaan! We merken dat steeds meer vrouwen de stap durven te zetten om nieuwe plekken te ontdekken, of ze nu solo reizen of in een klein groepje. Of het nu gaat om wandelen in de natuur of nieuwe culturen leren kennen, we zorgen ervoor dat vrouwen zich veilig voelen, goed ondersteund worden en volop kunnen genieten van hun reis. We vinden het fijn dat we kunnen bijdragen en een plek kunnen bieden waar vrouwen zonder twijfel nieuwe avonturen kunnen beleven en hun reis dromen kunnen waarmaken.<\/p>\n\n\n\n<p><strong>Heb je andere idee\u00ebn? Laat het ons weten!<br><\/strong>Dit is pas het begin van iets groters dat onze toekomst kan veranderen. Heb je idee\u00ebn over hoe we reizen duurzamer en minder schadelijk kunnen maken? <a href=\"https:\/\/cultureroadtravel.com\/nl\/contact\/\">Laat het ons weten!<\/a> We praten er graag over.<\/p>\n\n\n\n<blockquote class=\"wp-block-quote is-layout-flow wp-block-quote-is-layout-flow\">\n<p><strong>Ben je klaar om te verkennen?<\/strong><strong><br><\/strong>Doe mee en maak deel uit van het avontuur! Neem vandaag nog contact met ons op om je reis met CultureRoad te beginnen.<\/p>\n<\/blockquote>\n\n\n\n<div class=\"wp-block-buttons is-content-justification-center is-layout-flex wp-container-core-buttons-is-layout-16018d1d wp-block-buttons-is-layout-flex\">\n<div class=\"wp-block-button\"><a class=\"wp-block-button__link wp-element-button\" href=\"https:\/\/cultureroadtravel.com\/nl\/duurzaamheid\/\"><strong>Duurzaamheid<\/strong><\/a><\/div>\n\n\n\n<div class=\"wp-block-button\"><a class=\"wp-block-button__link has-text-align-center wp-element-button\" href=\"https:\/\/cultureroadtravel.com\/nl\/de-ethiek-van-reizen\/\"><strong>Bewust reizen<\/strong><\/a><\/div>\n<\/div>\n\n\n\n<div class=\"wp-block-kft-block-spacing kft-spacing kft-styles-7ea02ec2\"><\/div>\n<\/div><\/div>\n\n\n\n<div class=\"wp-block-kft-block-column kft-column-block kft-styles-2a5a9f83\"><div class=\"kft-column-block__inner\"><\/div><\/div>\n<\/div><\/div>\n<\/div>\n<\/div>\n","protected":false},"excerpt":{"rendered":"","protected":false},"author":2,"featured_media":19853,"parent":0,"menu_order":0,"comment_status":"closed","ping_status":"closed","template":"","meta":{"_acf_changed":false,"footnotes":""},"class_list":["post-19846","page","type-page","status-publish","has-post-thumbnail","hentry"],"acf":[],"yoast_head":"<!-- This site is optimized with the Yoast SEO Premium plugin v27.4 (Yoast SEO v27.4) - https:\/\/yoast.com\/product\/yoast-seo-premium-wordpress\/ -->\n<title>Reizen als vrouw | CultureRoad<\/title>\n<meta name=\"description\" content=\"Bij CultureRoad zetten we ons in voor de veiligheid van vrouwen en vrouwen actief te betrekken binnen de toeristische sector.\" \/>\n<meta name=\"robots\" content=\"index, follow, max-snippet:-1, max-image-preview:large, max-video-preview:-1\" \/>\n<link rel=\"canonical\" href=\"https:\/\/cultureroadtravel.com\/nl\/reizen-als-vrouw\/\" \/>\n<meta property=\"og:locale\" content=\"nl_NL\" \/>\n<meta property=\"og:type\" content=\"article\" \/>\n<meta property=\"og:title\" content=\"Reizen als vrouw\" \/>\n<meta property=\"og:description\" content=\"Bij CultureRoad zetten we ons in voor de veiligheid van vrouwen en vrouwen actief te betrekken binnen de toeristische sector.\" \/>\n<meta property=\"og:url\" content=\"https:\/\/cultureroadtravel.com\/nl\/reizen-als-vrouw\/\" \/>\n<meta property=\"og:site_name\" content=\"CultureRoad Travel\" \/>\n<meta property=\"article:publisher\" content=\"https:\/\/www.facebook.com\/CultureRoadtravel\/\" \/>\n<meta property=\"article:modified_time\" content=\"2025-10-28T09:31:43+00:00\" \/>\n<meta property=\"og:image\" content=\"https:\/\/cultureroadtravel.com\/wp-content\/uploads\/2023\/05\/Syria-Qunaitra-Resort-Tour-Guides-2.jpg\" \/>\n\t<meta property=\"og:image:width\" content=\"1440\" \/>\n\t<meta property=\"og:image:height\" content=\"1080\" \/>\n\t<meta property=\"og:image:type\" content=\"image\/jpeg\" \/>\n<meta name=\"twitter:card\" content=\"summary_large_image\" \/>\n<meta name=\"twitter:label1\" content=\"Geschatte leestijd\" \/>\n\t<meta name=\"twitter:data1\" content=\"4 minuten\" \/>\n<script type=\"application\/ld+json\" class=\"yoast-schema-graph\">{\"@context\":\"https:\\\/\\\/schema.org\",\"@graph\":[{\"@type\":[\"WebPage\",\"AboutPage\"],\"@id\":\"https:\\\/\\\/cultureroadtravel.com\\\/nl\\\/reizen-als-vrouw\\\/\",\"url\":\"https:\\\/\\\/cultureroadtravel.com\\\/nl\\\/reizen-als-vrouw\\\/\",\"name\":\"Reizen als vrouw | CultureRoad\",\"isPartOf\":{\"@id\":\"https:\\\/\\\/cultureroadtravel.com\\\/nl\\\/#website\"},\"primaryImageOfPage\":{\"@id\":\"https:\\\/\\\/cultureroadtravel.com\\\/nl\\\/reizen-als-vrouw\\\/#primaryimage\"},\"image\":{\"@id\":\"https:\\\/\\\/cultureroadtravel.com\\\/nl\\\/reizen-als-vrouw\\\/#primaryimage\"},\"thumbnailUrl\":\"https:\\\/\\\/cultureroadtravel.com\\\/wp-content\\\/uploads\\\/2023\\\/05\\\/Syria-Qunaitra-Resort-Tour-Guides-2.jpg\",\"datePublished\":\"2023-05-02T15:17:46+00:00\",\"dateModified\":\"2025-10-28T09:31:43+00:00\",\"description\":\"Bij CultureRoad zetten we ons in voor de veiligheid van vrouwen en vrouwen actief te betrekken binnen de toeristische sector.\",\"breadcrumb\":{\"@id\":\"https:\\\/\\\/cultureroadtravel.com\\\/nl\\\/reizen-als-vrouw\\\/#breadcrumb\"},\"inLanguage\":\"nl-NL\",\"potentialAction\":[{\"@type\":\"ReadAction\",\"target\":[\"https:\\\/\\\/cultureroadtravel.com\\\/nl\\\/reizen-als-vrouw\\\/\"]}]},{\"@type\":\"ImageObject\",\"inLanguage\":\"nl-NL\",\"@id\":\"https:\\\/\\\/cultureroadtravel.com\\\/nl\\\/reizen-als-vrouw\\\/#primaryimage\",\"url\":\"https:\\\/\\\/cultureroadtravel.com\\\/wp-content\\\/uploads\\\/2023\\\/05\\\/Syria-Qunaitra-Resort-Tour-Guides-2.jpg\",\"contentUrl\":\"https:\\\/\\\/cultureroadtravel.com\\\/wp-content\\\/uploads\\\/2023\\\/05\\\/Syria-Qunaitra-Resort-Tour-Guides-2.jpg\",\"width\":1440,\"height\":1080,\"caption\":\"OLYMPUS DIGITAL CAMERA\"},{\"@type\":\"BreadcrumbList\",\"@id\":\"https:\\\/\\\/cultureroadtravel.com\\\/nl\\\/reizen-als-vrouw\\\/#breadcrumb\",\"itemListElement\":[{\"@type\":\"ListItem\",\"position\":1,\"name\":\"Home\",\"item\":\"https:\\\/\\\/cultureroadtravel.com\\\/nl\\\/\"},{\"@type\":\"ListItem\",\"position\":2,\"name\":\"Reizen als vrouw\"}]},{\"@type\":\"WebSite\",\"@id\":\"https:\\\/\\\/cultureroadtravel.com\\\/nl\\\/#website\",\"url\":\"https:\\\/\\\/cultureroadtravel.com\\\/nl\\\/\",\"name\":\"CultureRoad Travel\",\"description\":\"Roam off the tourist path with CultureRoad Travel\",\"publisher\":{\"@id\":\"https:\\\/\\\/cultureroadtravel.com\\\/nl\\\/#organization\"},\"potentialAction\":[{\"@type\":\"SearchAction\",\"target\":{\"@type\":\"EntryPoint\",\"urlTemplate\":\"https:\\\/\\\/cultureroadtravel.com\\\/nl\\\/?s={search_term_string}\"},\"query-input\":{\"@type\":\"PropertyValueSpecification\",\"valueRequired\":true,\"valueName\":\"search_term_string\"}}],\"inLanguage\":\"nl-NL\"},{\"@type\":\"Organization\",\"@id\":\"https:\\\/\\\/cultureroadtravel.com\\\/nl\\\/#organization\",\"name\":\"CultureRoad Travel\",\"url\":\"https:\\\/\\\/cultureroadtravel.com\\\/nl\\\/\",\"logo\":{\"@type\":\"ImageObject\",\"inLanguage\":\"nl-NL\",\"@id\":\"https:\\\/\\\/cultureroadtravel.com\\\/nl\\\/#\\\/schema\\\/logo\\\/image\\\/\",\"url\":\"https:\\\/\\\/cultureroadtravel.com\\\/wp-content\\\/uploads\\\/2021\\\/01\\\/Culture_Road_Logo.svg\",\"contentUrl\":\"https:\\\/\\\/cultureroadtravel.com\\\/wp-content\\\/uploads\\\/2021\\\/01\\\/Culture_Road_Logo.svg\",\"width\":1,\"height\":1,\"caption\":\"CultureRoad Travel\"},\"image\":{\"@id\":\"https:\\\/\\\/cultureroadtravel.com\\\/nl\\\/#\\\/schema\\\/logo\\\/image\\\/\"},\"sameAs\":[\"https:\\\/\\\/www.facebook.com\\\/CultureRoadtravel\\\/\",\"https:\\\/\\\/www.instagram.com\\\/cultureroadtravel\\\/\",\"https:\\\/\\\/www.linkedin.com\\\/company\\\/9376780\\\/admin\\\/\"]}]}<\/script>\n<!-- \/ Yoast SEO Premium plugin. -->","yoast_head_json":{"title":"Reizen als vrouw | CultureRoad","description":"Bij CultureRoad zetten we ons in voor de veiligheid van vrouwen en vrouwen actief te betrekken binnen de toeristische sector.","robots":{"index":"index","follow":"follow","max-snippet":"max-snippet:-1","max-image-preview":"max-image-preview:large","max-video-preview":"max-video-preview:-1"},"canonical":"https:\/\/cultureroadtravel.com\/nl\/reizen-als-vrouw\/","og_locale":"nl_NL","og_type":"article","og_title":"Reizen als vrouw","og_description":"Bij CultureRoad zetten we ons in voor de veiligheid van vrouwen en vrouwen actief te betrekken binnen de toeristische sector.","og_url":"https:\/\/cultureroadtravel.com\/nl\/reizen-als-vrouw\/","og_site_name":"CultureRoad Travel","article_publisher":"https:\/\/www.facebook.com\/CultureRoadtravel\/","article_modified_time":"2025-10-28T09:31:43+00:00","og_image":[{"width":1440,"height":1080,"url":"https:\/\/cultureroadtravel.com\/wp-content\/uploads\/2023\/05\/Syria-Qunaitra-Resort-Tour-Guides-2.jpg","type":"image\/jpeg"}],"twitter_card":"summary_large_image","twitter_misc":{"Geschatte leestijd":"4 minuten"},"schema":{"@context":"https:\/\/schema.org","@graph":[{"@type":["WebPage","AboutPage"],"@id":"https:\/\/cultureroadtravel.com\/nl\/reizen-als-vrouw\/","url":"https:\/\/cultureroadtravel.com\/nl\/reizen-als-vrouw\/","name":"Reizen als vrouw | CultureRoad","isPartOf":{"@id":"https:\/\/cultureroadtravel.com\/nl\/#website"},"primaryImageOfPage":{"@id":"https:\/\/cultureroadtravel.com\/nl\/reizen-als-vrouw\/#primaryimage"},"image":{"@id":"https:\/\/cultureroadtravel.com\/nl\/reizen-als-vrouw\/#primaryimage"},"thumbnailUrl":"https:\/\/cultureroadtravel.com\/wp-content\/uploads\/2023\/05\/Syria-Qunaitra-Resort-Tour-Guides-2.jpg","datePublished":"2023-05-02T15:17:46+00:00","dateModified":"2025-10-28T09:31:43+00:00","description":"Bij CultureRoad zetten we ons in voor de veiligheid van vrouwen en vrouwen actief te betrekken binnen de toeristische sector.","breadcrumb":{"@id":"https:\/\/cultureroadtravel.com\/nl\/reizen-als-vrouw\/#breadcrumb"},"inLanguage":"nl-NL","potentialAction":[{"@type":"ReadAction","target":["https:\/\/cultureroadtravel.com\/nl\/reizen-als-vrouw\/"]}]},{"@type":"ImageObject","inLanguage":"nl-NL","@id":"https:\/\/cultureroadtravel.com\/nl\/reizen-als-vrouw\/#primaryimage","url":"https:\/\/cultureroadtravel.com\/wp-content\/uploads\/2023\/05\/Syria-Qunaitra-Resort-Tour-Guides-2.jpg","contentUrl":"https:\/\/cultureroadtravel.com\/wp-content\/uploads\/2023\/05\/Syria-Qunaitra-Resort-Tour-Guides-2.jpg","width":1440,"height":1080,"caption":"OLYMPUS DIGITAL CAMERA"},{"@type":"BreadcrumbList","@id":"https:\/\/cultureroadtravel.com\/nl\/reizen-als-vrouw\/#breadcrumb","itemListElement":[{"@type":"ListItem","position":1,"name":"Home","item":"https:\/\/cultureroadtravel.com\/nl\/"},{"@type":"ListItem","position":2,"name":"Reizen als vrouw"}]},{"@type":"WebSite","@id":"https:\/\/cultureroadtravel.com\/nl\/#website","url":"https:\/\/cultureroadtravel.com\/nl\/","name":"CultureRoad Travel","description":"Roam off the tourist path with CultureRoad Travel","publisher":{"@id":"https:\/\/cultureroadtravel.com\/nl\/#organization"},"potentialAction":[{"@type":"SearchAction","target":{"@type":"EntryPoint","urlTemplate":"https:\/\/cultureroadtravel.com\/nl\/?s={search_term_string}"},"query-input":{"@type":"PropertyValueSpecification","valueRequired":true,"valueName":"search_term_string"}}],"inLanguage":"nl-NL"},{"@type":"Organization","@id":"https:\/\/cultureroadtravel.com\/nl\/#organization","name":"CultureRoad Travel","url":"https:\/\/cultureroadtravel.com\/nl\/","logo":{"@type":"ImageObject","inLanguage":"nl-NL","@id":"https:\/\/cultureroadtravel.com\/nl\/#\/schema\/logo\/image\/","url":"https:\/\/cultureroadtravel.com\/wp-content\/uploads\/2021\/01\/Culture_Road_Logo.svg","contentUrl":"https:\/\/cultureroadtravel.com\/wp-content\/uploads\/2021\/01\/Culture_Road_Logo.svg","width":1,"height":1,"caption":"CultureRoad Travel"},"image":{"@id":"https:\/\/cultureroadtravel.com\/nl\/#\/schema\/logo\/image\/"},"sameAs":["https:\/\/www.facebook.com\/CultureRoadtravel\/","https:\/\/www.instagram.com\/cultureroadtravel\/","https:\/\/www.linkedin.com\/company\/9376780\/admin\/"]}]}},"_links":{"self":[{"href":"https:\/\/cultureroadtravel.com\/nl\/wp-json\/wp\/v2\/pages\/19846","targetHints":{"allow":["GET"]}}],"collection":[{"href":"https:\/\/cultureroadtravel.com\/nl\/wp-json\/wp\/v2\/pages"}],"about":[{"href":"https:\/\/cultureroadtravel.com\/nl\/wp-json\/wp\/v2\/types\/page"}],"author":[{"embeddable":true,"href":"https:\/\/cultureroadtravel.com\/nl\/wp-json\/wp\/v2\/users\/2"}],"replies":[{"embeddable":true,"href":"https:\/\/cultureroadtravel.com\/nl\/wp-json\/wp\/v2\/comments?post=19846"}],"version-history":[{"count":9,"href":"https:\/\/cultureroadtravel.com\/nl\/wp-json\/wp\/v2\/pages\/19846\/revisions"}],"predecessor-version":[{"id":49123,"href":"https:\/\/cultureroadtravel.com\/nl\/wp-json\/wp\/v2\/pages\/19846\/revisions\/49123"}],"wp:featuredmedia":[{"embeddable":true,"href":"https:\/\/cultureroadtravel.com\/nl\/wp-json\/wp\/v2\/media\/19853"}],"wp:attachment":[{"href":"https:\/\/cultureroadtravel.com\/nl\/wp-json\/wp\/v2\/media?parent=19846"}],"curies":[{"name":"wp","href":"https:\/\/api.w.org\/{rel}","templated":true}]}}