{"id":12339,"date":"2021-05-04T21:18:39","date_gmt":"2021-05-04T21:18:39","guid":{"rendered":"https:\/\/cultureroadtravel.com\/?page_id=12339"},"modified":"2026-02-16T08:18:47","modified_gmt":"2026-02-16T08:18:47","slug":"groepsreizen","status":"publish","type":"page","link":"https:\/\/cultureroadtravel.com\/nl\/saoedi-arabie\/groepsreizen\/","title":{"rendered":"Saoedi-Arabi\u00eb &#8211; Groepsreizen"},"content":{"rendered":"\n<div class=\"wp-block-kft-block-row kft-row-block kft-background kft-background--general kft-styles-d26ea5d0\"><div class=\"kft-row-block__inner\">\n<div class=\"wp-block-kft-block-column kft-column-block kft-styles-c1763672\"><div class=\"kft-column-block__inner\"><\/div><\/div>\n\n\n\n<div class=\"wp-block-kft-block-column kft-column-block kft-styles-e4125ca8\"><div class=\"kft-column-block__inner\">\n<div class=\"wp-block-kft-block-heading kft-heading-block kft-styles-b44e776f\"><div class=\"kft-heading-block__inner\"><h1 class=\"kft-heading-block__content\">Groepsreizen naar Saoedi-Arabi\u00eb<\/h1><\/div><\/div>\n\n\n\n<div class=\"wp-block-kft-block-spacing kft-spacing kft-styles-f23176b9\"><\/div>\n\n\n\n<p>Ga met ons mee naar het mysterieuze Saoedi-Arabi\u00eb. Ontdek de geheimen van de woestijn en de Arabische cultuur tijdens een groepsreis. Saoedi-Arabi\u00eb is pas sinds 2019 open voor toeristen. Een vakantie in Saoedi-Arabi\u00eb is dan ook een bijzondere belevenis. Je zal merken dat je met open armen en nieuwsgierige ogen wordt begroet. Ook zie je de interne strijd die er heerst, tussen het traditionele en moderne Saudi-Arabi\u00eb. Door met een groepsreis te gaan beleef je de dynamiek en gezelligheid van de groep, maar krijg je ook genoeg vrijheid voor jezelf. Vaak bestaat de groep uit avontuurlijke reizigers uit allerlei windstreken van de wereld. Ga dus nu met ons mee op dit avontuur en boek nu je plek in een van onze groepsreizen naar Saoedi-Arabi\u00eb!<\/p>\n<\/div><\/div>\n\n\n\n<div class=\"wp-block-kft-block-column kft-column-block kft-styles-9e26c75a\"><div class=\"kft-column-block__inner\"><\/div><\/div>\n<\/div><\/div>\n\n\n\n<div class=\"wp-block-kft-block-row kft-row-block kft-background kft-background--general kft-styles-bc92ad09\" data-kft-fullwidth=\"wrapper\"><div class=\"kft-row-block__inner\">\n<div class=\"wp-block-kft-block-column kft-column-block kft-styles-fba5ef94\"><div class=\"kft-column-block__inner\">\n<figure class=\"wp-block-image size-full\"><img  loading=\"lazy\"  decoding=\"async\"  width=\"1200\"  height=\"800\"  src=\"https:\/\/cultureroadtravel.com\/wp-content\/uploads\/2025\/06\/Copy-of-Copy-of-Saudi-Arabia-Maraya-Group-picture.jpg\"  alt=\"Group photo in Saudi Arabia\"  class=\"wp-image-45780\"  srcset=\"https:\/\/cultureroadtravel.com\/wp-content\/uploads\/2025\/06\/Copy-of-Copy-of-Saudi-Arabia-Maraya-Group-picture.jpg 1200w, https:\/\/cultureroadtravel.com\/wp-content\/uploads\/2025\/06\/Copy-of-Copy-of-Saudi-Arabia-Maraya-Group-picture-768x512.jpg 768w, https:\/\/cultureroadtravel.com\/wp-content\/uploads\/2025\/06\/Copy-of-Copy-of-Saudi-Arabia-Maraya-Group-picture-80x53.jpg 80w\"  sizes=\"auto, (max-width: 1200px) 100vw, 1200px\" ><\/figure>\n<\/div><\/div>\n\n\n\n<div class=\"wp-block-kft-block-column kft-column-block kft-styles-dc839848\"><div class=\"kft-column-block__inner\">\n<div class=\"wp-block-kft-block-heading kft-heading-block kft-styles-bee67a1a\"><div class=\"kft-heading-block__inner\"><h3 class=\"kft-heading-block__content\"><a href=\"https:\/\/cultureroadtravel.com\/nl\/saoedi-arabie\/groepsreizen\/saoedi-highlights-tour\/\">Saudi Oktober Highlights Tour<\/a><\/h3><\/div><\/div>\n\n\n\n<div class=\"wp-block-columns is-layout-flex wp-container-core-columns-is-layout-9d6595d7 wp-block-columns-is-layout-flex\">\n<div class=\"wp-block-column is-layout-flow wp-block-column-is-layout-flow\">\n<p><strong>Datum: 4 &#8211; 11 oktober 2026<\/strong><\/p>\n<\/div>\n\n\n\n<div class=\"wp-block-column is-layout-flow wp-block-column-is-layout-flow\">\n<p><strong>Prijs: \u20ac 2.845<\/strong><\/p>\n<\/div>\n<\/div>\n\n\n\n<p>Het is een van de machtigste spelers in het Midden-Oosten, maar voor veel mensen ook de meest onbekende plek. Het Koningrijk Saoedi-Arabi\u00eb was jarenlang voor niet-moslims een bijna onmogelijk land om naar af te reizen. Sinds kort is het veranderd. Het land opent zich voor toeristen en wil dan ook graag nieuwe mensen ontmoeten. Ga mee met onze tour en ontdek de bekende steden Riyad en Jeddah, maar ook de bijzondere plekken Al Ula, Ha\u2019il en Medina. Het zal je snel verbazen hoe mooi de natuur is en hoe vriendelijk de mensen. &nbsp;<\/p>\n\n\n\n<div class=\"wp-block-buttons is-layout-flex wp-block-buttons-is-layout-flex\">\n<div class=\"wp-block-button\"><a class=\"wp-block-button__link has-background wp-element-button\" href=\"https:\/\/cultureroadtravel.com\/nl\/saoedi-arabie\/groepsreizen\/saoedi-highlights-tour\/\" style=\"background-color:#ffaf45\">Lees meer<\/a><\/div>\n<\/div>\n<\/div><\/div>\n<\/div><\/div>\n\n\n\n<div class=\"wp-block-kft-block-row kft-row-block kft-background kft-background--general kft-styles-e52a2eeb\" data-kft-fullwidth=\"wrapper\"><div class=\"kft-row-block__inner\">\n<div class=\"wp-block-kft-block-column kft-column-block kft-styles-a29db299\"><div class=\"kft-column-block__inner\">\n<figure class=\"wp-block-image size-full\"><img  loading=\"lazy\"  decoding=\"async\"  width=\"1200\"  height=\"900\"  src=\"https:\/\/cultureroadtravel.com\/wp-content\/uploads\/2025\/04\/Saudi-Arabia-Al-Ula-Camp-view-sunrise-2-3.jpg\"  alt=\"\"  class=\"wp-image-44078\"  srcset=\"https:\/\/cultureroadtravel.com\/wp-content\/uploads\/2025\/04\/Saudi-Arabia-Al-Ula-Camp-view-sunrise-2-3.jpg 1200w, https:\/\/cultureroadtravel.com\/wp-content\/uploads\/2025\/04\/Saudi-Arabia-Al-Ula-Camp-view-sunrise-2-3-768x576.jpg 768w, https:\/\/cultureroadtravel.com\/wp-content\/uploads\/2025\/04\/Saudi-Arabia-Al-Ula-Camp-view-sunrise-2-3-80x60.jpg 80w\"  sizes=\"auto, (max-width: 1200px) 100vw, 1200px\" ><\/figure>\n<\/div><\/div>\n\n\n\n<div class=\"wp-block-kft-block-column kft-column-block kft-styles-35cc9b5e\"><div class=\"kft-column-block__inner\">\n<div class=\"wp-block-kft-block-heading kft-heading-block kft-styles-7952ca4f\"><div class=\"kft-heading-block__inner\"><h3 class=\"kft-heading-block__content\"><a href=\"https:\/\/cultureroadtravel.com\/nl\/saoedi-arabie\/groepsreizen\/saoedi-highlights-tour\/\">Saudi Februari Highlights Tour<\/a><\/h3><\/div><\/div>\n\n\n\n<div class=\"wp-block-columns is-layout-flex wp-container-core-columns-is-layout-9d6595d7 wp-block-columns-is-layout-flex\">\n<div class=\"wp-block-column is-layout-flow wp-block-column-is-layout-flow\">\n<p><strong>Datum: TBC Februari 2027<\/strong><\/p>\n<\/div>\n\n\n\n<div class=\"wp-block-column is-layout-flow wp-block-column-is-layout-flow\">\n<p><strong>Prijs: \u20ac 2.845<\/strong><\/p>\n<\/div>\n<\/div>\n\n\n\n<p>Deze rondreis neemt je mee door Saoedi-Arabi\u00eb. Van de hoofdstad Riyad en woestijn oases tot oude steden en modern plekken. je bezoekt kamekenmarkten, historische ru\u00efnes en UNESCO-locaties zoals Al&#8217;Ula. Je ontdekt steden zoals medina en Jeddah, en je krijgt zelfs de kans om te snorkelen in de Rode Zee. het land verandert snel, en deze reis is een mooie manier om de geschiedenis, cultuur en toekomst van hel land in \u00e9\u00e9n keer te beleven.<\/p>\n\n\n\n<div class=\"wp-block-buttons is-layout-flex wp-block-buttons-is-layout-flex\">\n<div class=\"wp-block-button\"><a class=\"wp-block-button__link has-background wp-element-button\" href=\"https:\/\/cultureroadtravel.com\/nl\/saoedi-arabie\/groepsreizen\/saoedi-highlights-tour\/\" style=\"background-color:#ffaf45\">Lees meer<\/a><\/div>\n<\/div>\n<\/div><\/div>\n<\/div><\/div>\n\n\n\n<div class=\"wp-block-kft-block-row kft-row-block kft-background kft-background--general kft-styles-85e119c8\"><div class=\"kft-row-block__inner\">\n<div class=\"wp-block-kft-block-column kft-column-block kft-styles-fc1fc317\"><div class=\"kft-column-block__inner\">\n<h3 class=\"wp-block-heading has-text-align-left\" id=\"h-ik-heb-interesse-in-individuele-reizen-naar-saoedi-arabie\" style=\"font-size:20px\"><a href=\"\/nl\/?page_id=12373\"><\/a><a href=\"https:\/\/cultureroadtravel.com\/nl\/saoedi-arabie\/individuele-reizen\/\">Ik heb interesse in individuele reizen naar Saoedi-Arabi\u00eb<\/a><\/h3>\n<\/div><\/div>\n\n\n\n<div class=\"wp-block-kft-block-column kft-column-block kft-styles-be884015\"><div class=\"kft-column-block__inner\">\n<h3 class=\"wp-block-heading has-text-align-left\" id=\"h-ik-wil-graag-meer-weten-over-saoedi-arabie\" style=\"font-size:20px\"><a href=\"https:\/\/cultureroadtravel.com\/nl\/saoedi-arabie\/\"><\/a><a href=\"https:\/\/cultureroadtravel.com\/nl\/saoedi-arabie\/\">Ik wil graag meer weten over Saoedi-Arabi\u00eb<\/a><\/h3>\n<\/div><\/div>\n<\/div><\/div>\n\n\n\n<div class=\"wp-block-kft-block-row kft-row-block kft-background kft-background--general kft-styles-cde47938\" data-kft-fullwidth=\"wrapper\"><div class=\"kft-row-block__inner\">\n<div class=\"wp-block-kft-block-column kft-column-block kft-styles-7e4b4939\"><div class=\"kft-column-block__inner\">\n<h3 class=\"wp-block-heading kft-block-56eb5255\" id=\"h-weet-je-al-wat-je-zoekt\">Weet je al wat je zoekt?<\/h3>\n<\/div><\/div>\n\n\n\n<div class=\"wp-block-kft-block-column kft-column-block kft-styles-501476a6\"><div class=\"kft-column-block__inner\">\n<div class=\"wp-block-buttons kft-block-e45d2826 is-layout-flex wp-block-buttons-is-layout-flex\">\n<div class=\"wp-block-button big-btn kft-block-86a1668a\"><a class=\"wp-block-button__link wp-element-button\" href=\"https:\/\/cultureroadtravel.com\/nl\/maak-de-reis-van-je-leven\/\">start hier jouw avontuur<\/a><\/div>\n<\/div>\n<\/div><\/div>\n<\/div><\/div>\n","protected":false},"excerpt":{"rendered":"","protected":false},"author":2,"featured_media":12334,"parent":12317,"menu_order":0,"comment_status":"closed","ping_status":"closed","template":"","meta":{"_acf_changed":false,"footnotes":""},"class_list":["post-12339","page","type-page","status-publish","has-post-thumbnail","hentry"],"acf":[],"yoast_head":"<!-- This site is optimized with the Yoast SEO Premium plugin v27.3 (Yoast SEO v27.3) - https:\/\/yoast.com\/product\/yoast-seo-premium-wordpress\/ -->\n<title>Saoedi-Arabi\u00eb Groepsreis | Unieke Bestemmingen | CultureRoad<\/title>\n<meta name=\"description\" content=\"Ga mee met een groepsreis naar Saoedi-Arabi\u00eb. Samen ontdekken we het bijzondere en mysterieuze Saoedi-Arabi\u00eb.\" \/>\n<meta name=\"robots\" content=\"index, follow, max-snippet:-1, max-image-preview:large, max-video-preview:-1\" \/>\n<link rel=\"canonical\" href=\"https:\/\/cultureroadtravel.com\/nl\/saoedi-arabie\/groepsreizen\/\" \/>\n<meta property=\"og:locale\" content=\"nl_NL\" \/>\n<meta property=\"og:type\" content=\"article\" \/>\n<meta property=\"og:title\" content=\"Saoedi-Arabi\u00eb - Groepsreizen\" \/>\n<meta property=\"og:description\" content=\"Ga mee met een groepsreis naar Saoedi-Arabi\u00eb. Samen ontdekken we het bijzondere en mysterieuze Saoedi-Arabi\u00eb.\" \/>\n<meta property=\"og:url\" content=\"https:\/\/cultureroadtravel.com\/nl\/saoedi-arabie\/groepsreizen\/\" \/>\n<meta property=\"og:site_name\" content=\"CultureRoad Travel\" \/>\n<meta property=\"article:publisher\" content=\"https:\/\/www.facebook.com\/CultureRoadtravel\/\" \/>\n<meta property=\"article:modified_time\" content=\"2026-02-16T08:18:47+00:00\" \/>\n<meta property=\"og:image\" content=\"https:\/\/cultureroadtravel.com\/wp-content\/uploads\/2021\/05\/Saudi-Arabia-Rijal-Alma-Buildings.jpg\" \/>\n\t<meta property=\"og:image:width\" content=\"1620\" \/>\n\t<meta property=\"og:image:height\" content=\"1080\" \/>\n\t<meta property=\"og:image:type\" content=\"image\/jpeg\" \/>\n<meta name=\"twitter:card\" content=\"summary_large_image\" \/>\n<meta name=\"twitter:label1\" content=\"Geschatte leestijd\" \/>\n\t<meta name=\"twitter:data1\" content=\"3 minuten\" \/>\n<script type=\"application\/ld+json\" class=\"yoast-schema-graph\">{\"@context\":\"https:\\\/\\\/schema.org\",\"@graph\":[{\"@type\":\"WebPage\",\"@id\":\"https:\\\/\\\/cultureroadtravel.com\\\/nl\\\/saoedi-arabie\\\/groepsreizen\\\/\",\"url\":\"https:\\\/\\\/cultureroadtravel.com\\\/nl\\\/saoedi-arabie\\\/groepsreizen\\\/\",\"name\":\"Saoedi-Arabi\u00eb Groepsreis | Unieke Bestemmingen | CultureRoad\",\"isPartOf\":{\"@id\":\"https:\\\/\\\/cultureroadtravel.com\\\/nl\\\/#website\"},\"primaryImageOfPage\":{\"@id\":\"https:\\\/\\\/cultureroadtravel.com\\\/nl\\\/saoedi-arabie\\\/groepsreizen\\\/#primaryimage\"},\"image\":{\"@id\":\"https:\\\/\\\/cultureroadtravel.com\\\/nl\\\/saoedi-arabie\\\/groepsreizen\\\/#primaryimage\"},\"thumbnailUrl\":\"https:\\\/\\\/cultureroadtravel.com\\\/wp-content\\\/uploads\\\/2021\\\/05\\\/Saudi-Arabia-Rijal-Alma-Buildings.jpg\",\"datePublished\":\"2021-05-04T21:18:39+00:00\",\"dateModified\":\"2026-02-16T08:18:47+00:00\",\"description\":\"Ga mee met een groepsreis naar Saoedi-Arabi\u00eb. Samen ontdekken we het bijzondere en mysterieuze Saoedi-Arabi\u00eb.\",\"breadcrumb\":{\"@id\":\"https:\\\/\\\/cultureroadtravel.com\\\/nl\\\/saoedi-arabie\\\/groepsreizen\\\/#breadcrumb\"},\"inLanguage\":\"nl-NL\",\"potentialAction\":[{\"@type\":\"ReadAction\",\"target\":[\"https:\\\/\\\/cultureroadtravel.com\\\/nl\\\/saoedi-arabie\\\/groepsreizen\\\/\"]}]},{\"@type\":\"ImageObject\",\"inLanguage\":\"nl-NL\",\"@id\":\"https:\\\/\\\/cultureroadtravel.com\\\/nl\\\/saoedi-arabie\\\/groepsreizen\\\/#primaryimage\",\"url\":\"https:\\\/\\\/cultureroadtravel.com\\\/wp-content\\\/uploads\\\/2021\\\/05\\\/Saudi-Arabia-Rijal-Alma-Buildings.jpg\",\"contentUrl\":\"https:\\\/\\\/cultureroadtravel.com\\\/wp-content\\\/uploads\\\/2021\\\/05\\\/Saudi-Arabia-Rijal-Alma-Buildings.jpg\",\"width\":1620,\"height\":1080,\"caption\":\"The famous buildings of Rijal Alma, Southern Saudi Arabia\"},{\"@type\":\"BreadcrumbList\",\"@id\":\"https:\\\/\\\/cultureroadtravel.com\\\/nl\\\/saoedi-arabie\\\/groepsreizen\\\/#breadcrumb\",\"itemListElement\":[{\"@type\":\"ListItem\",\"position\":1,\"name\":\"Home\",\"item\":\"https:\\\/\\\/cultureroadtravel.com\\\/nl\\\/\"},{\"@type\":\"ListItem\",\"position\":2,\"name\":\"Saoedi-Arabi\u00eb\",\"item\":\"https:\\\/\\\/cultureroadtravel.com\\\/nl\\\/saoedi-arabie\\\/\"},{\"@type\":\"ListItem\",\"position\":3,\"name\":\"Saoedi-Arabi\u00eb &#8211; Groepsreizen\"}]},{\"@type\":\"WebSite\",\"@id\":\"https:\\\/\\\/cultureroadtravel.com\\\/nl\\\/#website\",\"url\":\"https:\\\/\\\/cultureroadtravel.com\\\/nl\\\/\",\"name\":\"CultureRoad Travel\",\"description\":\"Roam off the tourist path with CultureRoad Travel\",\"publisher\":{\"@id\":\"https:\\\/\\\/cultureroadtravel.com\\\/nl\\\/#organization\"},\"potentialAction\":[{\"@type\":\"SearchAction\",\"target\":{\"@type\":\"EntryPoint\",\"urlTemplate\":\"https:\\\/\\\/cultureroadtravel.com\\\/nl\\\/?s={search_term_string}\"},\"query-input\":{\"@type\":\"PropertyValueSpecification\",\"valueRequired\":true,\"valueName\":\"search_term_string\"}}],\"inLanguage\":\"nl-NL\"},{\"@type\":\"Organization\",\"@id\":\"https:\\\/\\\/cultureroadtravel.com\\\/nl\\\/#organization\",\"name\":\"CultureRoad Travel\",\"url\":\"https:\\\/\\\/cultureroadtravel.com\\\/nl\\\/\",\"logo\":{\"@type\":\"ImageObject\",\"inLanguage\":\"nl-NL\",\"@id\":\"https:\\\/\\\/cultureroadtravel.com\\\/nl\\\/#\\\/schema\\\/logo\\\/image\\\/\",\"url\":\"https:\\\/\\\/cultureroadtravel.com\\\/wp-content\\\/uploads\\\/2021\\\/01\\\/Culture_Road_Logo.svg\",\"contentUrl\":\"https:\\\/\\\/cultureroadtravel.com\\\/wp-content\\\/uploads\\\/2021\\\/01\\\/Culture_Road_Logo.svg\",\"width\":1,\"height\":1,\"caption\":\"CultureRoad Travel\"},\"image\":{\"@id\":\"https:\\\/\\\/cultureroadtravel.com\\\/nl\\\/#\\\/schema\\\/logo\\\/image\\\/\"},\"sameAs\":[\"https:\\\/\\\/www.facebook.com\\\/CultureRoadtravel\\\/\",\"https:\\\/\\\/www.instagram.com\\\/cultureroadtravel\\\/\",\"https:\\\/\\\/www.linkedin.com\\\/company\\\/9376780\\\/admin\\\/\"]}]}<\/script>\n<!-- \/ Yoast SEO Premium plugin. -->","yoast_head_json":{"title":"Saoedi-Arabi\u00eb Groepsreis | Unieke Bestemmingen | CultureRoad","description":"Ga mee met een groepsreis naar Saoedi-Arabi\u00eb. Samen ontdekken we het bijzondere en mysterieuze Saoedi-Arabi\u00eb.","robots":{"index":"index","follow":"follow","max-snippet":"max-snippet:-1","max-image-preview":"max-image-preview:large","max-video-preview":"max-video-preview:-1"},"canonical":"https:\/\/cultureroadtravel.com\/nl\/saoedi-arabie\/groepsreizen\/","og_locale":"nl_NL","og_type":"article","og_title":"Saoedi-Arabi\u00eb - Groepsreizen","og_description":"Ga mee met een groepsreis naar Saoedi-Arabi\u00eb. Samen ontdekken we het bijzondere en mysterieuze Saoedi-Arabi\u00eb.","og_url":"https:\/\/cultureroadtravel.com\/nl\/saoedi-arabie\/groepsreizen\/","og_site_name":"CultureRoad Travel","article_publisher":"https:\/\/www.facebook.com\/CultureRoadtravel\/","article_modified_time":"2026-02-16T08:18:47+00:00","og_image":[{"width":1620,"height":1080,"url":"https:\/\/cultureroadtravel.com\/wp-content\/uploads\/2021\/05\/Saudi-Arabia-Rijal-Alma-Buildings.jpg","type":"image\/jpeg"}],"twitter_card":"summary_large_image","twitter_misc":{"Geschatte leestijd":"3 minuten"},"schema":{"@context":"https:\/\/schema.org","@graph":[{"@type":"WebPage","@id":"https:\/\/cultureroadtravel.com\/nl\/saoedi-arabie\/groepsreizen\/","url":"https:\/\/cultureroadtravel.com\/nl\/saoedi-arabie\/groepsreizen\/","name":"Saoedi-Arabi\u00eb Groepsreis | Unieke Bestemmingen | CultureRoad","isPartOf":{"@id":"https:\/\/cultureroadtravel.com\/nl\/#website"},"primaryImageOfPage":{"@id":"https:\/\/cultureroadtravel.com\/nl\/saoedi-arabie\/groepsreizen\/#primaryimage"},"image":{"@id":"https:\/\/cultureroadtravel.com\/nl\/saoedi-arabie\/groepsreizen\/#primaryimage"},"thumbnailUrl":"https:\/\/cultureroadtravel.com\/wp-content\/uploads\/2021\/05\/Saudi-Arabia-Rijal-Alma-Buildings.jpg","datePublished":"2021-05-04T21:18:39+00:00","dateModified":"2026-02-16T08:18:47+00:00","description":"Ga mee met een groepsreis naar Saoedi-Arabi\u00eb. Samen ontdekken we het bijzondere en mysterieuze Saoedi-Arabi\u00eb.","breadcrumb":{"@id":"https:\/\/cultureroadtravel.com\/nl\/saoedi-arabie\/groepsreizen\/#breadcrumb"},"inLanguage":"nl-NL","potentialAction":[{"@type":"ReadAction","target":["https:\/\/cultureroadtravel.com\/nl\/saoedi-arabie\/groepsreizen\/"]}]},{"@type":"ImageObject","inLanguage":"nl-NL","@id":"https:\/\/cultureroadtravel.com\/nl\/saoedi-arabie\/groepsreizen\/#primaryimage","url":"https:\/\/cultureroadtravel.com\/wp-content\/uploads\/2021\/05\/Saudi-Arabia-Rijal-Alma-Buildings.jpg","contentUrl":"https:\/\/cultureroadtravel.com\/wp-content\/uploads\/2021\/05\/Saudi-Arabia-Rijal-Alma-Buildings.jpg","width":1620,"height":1080,"caption":"The famous buildings of Rijal Alma, Southern Saudi Arabia"},{"@type":"BreadcrumbList","@id":"https:\/\/cultureroadtravel.com\/nl\/saoedi-arabie\/groepsreizen\/#breadcrumb","itemListElement":[{"@type":"ListItem","position":1,"name":"Home","item":"https:\/\/cultureroadtravel.com\/nl\/"},{"@type":"ListItem","position":2,"name":"Saoedi-Arabi\u00eb","item":"https:\/\/cultureroadtravel.com\/nl\/saoedi-arabie\/"},{"@type":"ListItem","position":3,"name":"Saoedi-Arabi\u00eb &#8211; Groepsreizen"}]},{"@type":"WebSite","@id":"https:\/\/cultureroadtravel.com\/nl\/#website","url":"https:\/\/cultureroadtravel.com\/nl\/","name":"CultureRoad Travel","description":"Roam off the tourist path with CultureRoad Travel","publisher":{"@id":"https:\/\/cultureroadtravel.com\/nl\/#organization"},"potentialAction":[{"@type":"SearchAction","target":{"@type":"EntryPoint","urlTemplate":"https:\/\/cultureroadtravel.com\/nl\/?s={search_term_string}"},"query-input":{"@type":"PropertyValueSpecification","valueRequired":true,"valueName":"search_term_string"}}],"inLanguage":"nl-NL"},{"@type":"Organization","@id":"https:\/\/cultureroadtravel.com\/nl\/#organization","name":"CultureRoad Travel","url":"https:\/\/cultureroadtravel.com\/nl\/","logo":{"@type":"ImageObject","inLanguage":"nl-NL","@id":"https:\/\/cultureroadtravel.com\/nl\/#\/schema\/logo\/image\/","url":"https:\/\/cultureroadtravel.com\/wp-content\/uploads\/2021\/01\/Culture_Road_Logo.svg","contentUrl":"https:\/\/cultureroadtravel.com\/wp-content\/uploads\/2021\/01\/Culture_Road_Logo.svg","width":1,"height":1,"caption":"CultureRoad Travel"},"image":{"@id":"https:\/\/cultureroadtravel.com\/nl\/#\/schema\/logo\/image\/"},"sameAs":["https:\/\/www.facebook.com\/CultureRoadtravel\/","https:\/\/www.instagram.com\/cultureroadtravel\/","https:\/\/www.linkedin.com\/company\/9376780\/admin\/"]}]}},"_links":{"self":[{"href":"https:\/\/cultureroadtravel.com\/nl\/wp-json\/wp\/v2\/pages\/12339","targetHints":{"allow":["GET"]}}],"collection":[{"href":"https:\/\/cultureroadtravel.com\/nl\/wp-json\/wp\/v2\/pages"}],"about":[{"href":"https:\/\/cultureroadtravel.com\/nl\/wp-json\/wp\/v2\/types\/page"}],"author":[{"embeddable":true,"href":"https:\/\/cultureroadtravel.com\/nl\/wp-json\/wp\/v2\/users\/2"}],"replies":[{"embeddable":true,"href":"https:\/\/cultureroadtravel.com\/nl\/wp-json\/wp\/v2\/comments?post=12339"}],"version-history":[{"count":10,"href":"https:\/\/cultureroadtravel.com\/nl\/wp-json\/wp\/v2\/pages\/12339\/revisions"}],"predecessor-version":[{"id":50754,"href":"https:\/\/cultureroadtravel.com\/nl\/wp-json\/wp\/v2\/pages\/12339\/revisions\/50754"}],"up":[{"embeddable":true,"href":"https:\/\/cultureroadtravel.com\/nl\/wp-json\/wp\/v2\/pages\/12317"}],"wp:featuredmedia":[{"embeddable":true,"href":"https:\/\/cultureroadtravel.com\/nl\/wp-json\/wp\/v2\/media\/12334"}],"wp:attachment":[{"href":"https:\/\/cultureroadtravel.com\/nl\/wp-json\/wp\/v2\/media?parent=12339"}],"curies":[{"name":"wp","href":"https:\/\/api.w.org\/{rel}","templated":true}]}}