{"id":11601,"date":"2021-04-23T08:24:09","date_gmt":"2021-04-23T08:24:09","guid":{"rendered":"https:\/\/cultureroadtravel.com\/?page_id=11601"},"modified":"2025-10-13T13:05:40","modified_gmt":"2025-10-13T13:05:40","slug":"speciale-reizen","status":"publish","type":"page","link":"https:\/\/cultureroadtravel.com\/nl\/speciale-reizen\/","title":{"rendered":"Speciale Reizen"},"content":{"rendered":"\n<div class=\"wp-block-kft-block-row kft-row-block kft-background kft-background--general kft-styles-659bf111\"><div class=\"kft-row-block__inner\">\n<div class=\"wp-block-kft-block-column kft-column-block kft-styles-5e1d4a52\"><div class=\"kft-column-block__inner\"><\/div><\/div>\n\n\n\n<div class=\"wp-block-kft-block-column kft-column-block kft-styles-d8859268\"><div class=\"kft-column-block__inner\">\n<div class=\"wp-block-kft-block-heading kft-heading-block kft-styles-f41d48c8\"><div class=\"kft-heading-block__inner\"><h1 class=\"kft-heading-block__content\">Deze reizen beleef je maar \u00e9\u00e9n keer in je leven<\/h1><\/div><\/div>\n\n\n\n<div class=\"wp-block-kft-block-spacing kft-spacing kft-styles-a5247bed\"><\/div>\n\n\n\n<p>Ben jij opzoek naar dat ene grote avontuur? Een reis die door meerdere landen gaat en waarbij je kennis maakt met verschillende culturen? Sommige van onze groepsreizen zijn niet bij \u00e9\u00e9n bestemming onder te brengen. Daarom staan ze hier, op onze pagina voor \u2018speciale reizen\u2019 pagina.<\/p>\n\n\n\n<p>Op deze pagina vind je een aantal van onze meest spectaculaire reizen. Deze groepsreizen gaan dwars door verschillende landen heen. De Westerse gids blijft tijdens deze reis bij je, maar de lokale gids zal na elke grensovergang weer worden gewisseld.<\/p>\n<\/div><\/div>\n\n\n\n<div class=\"wp-block-kft-block-column kft-column-block kft-styles-c4e4bc24\"><div class=\"kft-column-block__inner\"><\/div><\/div>\n<\/div><\/div>\n\n\n\n<div class=\"wp-block-kft-block-row kft-row-block kft-background kft-background--general kft-styles-ca69a0d3\" data-kft-fullwidth=\"wrapper\"><div class=\"kft-row-block__inner\">\n<div class=\"wp-block-kft-block-column kft-column-block kft-styles-5c3922ed\"><div class=\"kft-column-block__inner\">\n<figure class=\"wp-block-image size-full\"><a href=\"https:\/\/cultureroadtravel.com\/nl\/centraal-afrikaanse-republiek\/centraal-afrikaanse-republiek-groepsreizen\/car-gabon-sao-tome-langs-de-evenaar-tour\/\"><img  loading=\"lazy\"  decoding=\"async\"  width=\"1200\"  height=\"800\"  src=\"https:\/\/cultureroadtravel.com\/wp-content\/uploads\/2025\/10\/Format-for-websiteblog-6.png\"  alt=\"\"  class=\"wp-image-48606\"  srcset=\"https:\/\/cultureroadtravel.com\/wp-content\/uploads\/2025\/10\/Format-for-websiteblog-6.png 1200w, https:\/\/cultureroadtravel.com\/wp-content\/uploads\/2025\/10\/Format-for-websiteblog-6-768x512.png 768w, https:\/\/cultureroadtravel.com\/wp-content\/uploads\/2025\/10\/Format-for-websiteblog-6-80x53.png 80w\"  sizes=\"auto, (max-width: 1200px) 100vw, 1200px\" ><\/a><\/figure>\n<\/div><\/div>\n\n\n\n<div class=\"wp-block-kft-block-column kft-column-block kft-styles-2ff650c8\"><div class=\"kft-column-block__inner\">\n<div class=\"wp-block-kft-block-heading kft-heading-block kft-styles-6ebca67d\"><div class=\"kft-heading-block__inner\"><h3 class=\"kft-heading-block__content\"><a href=\"https:\/\/cultureroadtravel.com\/nl\/centraal-afrikaanse-republiek\/car-gabon-sao-tome-langs-de-evenaar-tour\/\">CAR, Gabon &amp; Sao Tom\u00e9 \u2013 Langs de Evenaar Tour<\/a><\/h3><\/div><\/div>\n\n\n\n<div class=\"wp-block-columns is-layout-flex wp-container-core-columns-is-layout-9d6595d7 wp-block-columns-is-layout-flex\">\n<div class=\"wp-block-column is-layout-flow wp-block-column-is-layout-flow\">\n<p><strong>Datum: <strong>22 februari \u2013 3 maart 2026<\/strong><\/strong><\/p>\n<\/div>\n\n\n\n<div class=\"wp-block-column is-layout-flow wp-block-column-is-layout-flow\">\n<p><strong>Prijs: \u20ac <strong>4995<\/strong><\/strong><\/p>\n<\/div>\n<\/div>\n\n\n\n<p>Ga met ons mee op een betoverende reis door het hart van Afrika, beginnend in de Centraal-Afrikaanse Republiek. Van de levendige straten van Bangui tot de mysterieuze bossen en spirituele tradities van Gabon, bij elke stap ontdek je een nieuwe kant van het continent. Sluit je avontuur af op de rustige eilanden van S\u00e3o Tom\u00e9 &amp; Pr\u00edncipe, waar vulkanische toppen en gouden stranden de perfecte finale vormen van deze onvergetelijke ervaring. Ga nu met ons mee!<\/p>\n\n\n\n<div class=\"wp-block-buttons is-layout-flex wp-block-buttons-is-layout-flex\">\n<div class=\"wp-block-button\"><a class=\"wp-block-button__link has-background wp-element-button\" href=\"https:\/\/cultureroadtravel.com\/nl\/centraal-afrikaanse-republiek\/centraal-afrikaanse-republiek-groepsreizen\/car-gabon-sao-tome-langs-de-evenaar-tour\/\" style=\"background-color:#ffaf45\">Lees meer<\/a><\/div>\n<\/div>\n<\/div><\/div>\n<\/div><\/div>\n\n\n\n<div class=\"wp-block-kft-block-row kft-row-block kft-background kft-background--general kft-styles-4c85c7ba\" data-kft-fullwidth=\"wrapper\"><div class=\"kft-row-block__inner\">\n<div class=\"wp-block-kft-block-column kft-column-block kft-styles-8eddec42\"><div class=\"kft-column-block__inner\">\n<figure class=\"wp-block-image size-large\"><a href=\"https:\/\/cultureroadtravel.com\/nl\/speciale-reizen\/oeganda-tour\/\"><img  loading=\"lazy\"  decoding=\"async\"  width=\"1024\"  height=\"683\"  src=\"https:\/\/cultureroadtravel.com\/wp-content\/uploads\/2023\/01\/Uganda-Queen-Elisabeth-National-Park-Elephants-1024x683.jpg\"  alt=\"\"  class=\"wp-image-17514\"  srcset=\"https:\/\/cultureroadtravel.com\/wp-content\/uploads\/2023\/01\/Uganda-Queen-Elisabeth-National-Park-Elephants-1024x683.jpg 1024w, https:\/\/cultureroadtravel.com\/wp-content\/uploads\/2023\/01\/Uganda-Queen-Elisabeth-National-Park-Elephants-300x200.jpg 300w, https:\/\/cultureroadtravel.com\/wp-content\/uploads\/2023\/01\/Uganda-Queen-Elisabeth-National-Park-Elephants-768x512.jpg 768w, https:\/\/cultureroadtravel.com\/wp-content\/uploads\/2023\/01\/Uganda-Queen-Elisabeth-National-Park-Elephants-1536x1025.jpg 1536w, https:\/\/cultureroadtravel.com\/wp-content\/uploads\/2023\/01\/Uganda-Queen-Elisabeth-National-Park-Elephants-80x53.jpg 80w, https:\/\/cultureroadtravel.com\/wp-content\/uploads\/2023\/01\/Uganda-Queen-Elisabeth-National-Park-Elephants.jpg 1799w\"  sizes=\"auto, (max-width: 1024px) 100vw, 1024px\" ><\/a><\/figure>\n<\/div><\/div>\n\n\n\n<div class=\"wp-block-kft-block-column kft-column-block kft-styles-8acdb61e\"><div class=\"kft-column-block__inner\">\n<div class=\"wp-block-kft-block-heading kft-heading-block kft-styles-98d39771\"><div class=\"kft-heading-block__inner\"><h3 class=\"kft-heading-block__content\"><a href=\"https:\/\/cultureroadtravel.com\/nl\/speciale-reizen\/oeganda-tour\/\">Oeganda Tour<\/a><\/h3><\/div><\/div>\n\n\n\n<div class=\"wp-block-columns is-layout-flex wp-container-core-columns-is-layout-9d6595d7 wp-block-columns-is-layout-flex\">\n<div class=\"wp-block-column is-layout-flow wp-block-column-is-layout-flow\">\n<p><strong>Datum: 14 &#8211; 18 maart 2026<\/strong><\/p>\n<\/div>\n\n\n\n<div class=\"wp-block-column is-layout-flow wp-block-column-is-layout-flow\">\n<p><strong>Prijs: \u20ac 1.995<\/strong><\/p>\n<\/div>\n<\/div>\n\n\n\n<p>De parel van Afrika is de toeristische bijnaam voor Oeganda. Elke bezoeker aan Oeganda zal gemakkelijk inzien waarom. Verbazingwekkende landschappen worden vermengd met een ongelooflijke flora en fauna en gastvrije mensen. Zei iemand de Big 5? Hier te vinden! Tijdens deze tour gaan we op een echte safaritocht in het beste nationale park van het land; Queen Elisabeth National Park. We zorgen ervoor dat we genoeg tijd hebben om zoveel mogelijk wilde dieren te zien. We eindigen de tour in de hoofdstad: Kampala. Hier leer je over de donkere geschiedenis, toen het land werd geregeerd door de harde en brute dictatuur van Idi Amin.<\/p>\n\n\n\n<p>Verbonden met:&nbsp;<a href=\"https:\/\/cultureroadtravel.com\/nl\/burundi\/burundi-rwanda-tour\/\">Burundi &amp; Rwanda Tour<\/a>&nbsp;<\/p>\n\n\n\n<div class=\"wp-block-buttons is-layout-flex wp-block-buttons-is-layout-flex\">\n<div class=\"wp-block-button\"><a class=\"wp-block-button__link has-background wp-element-button\" href=\"https:\/\/cultureroadtravel.com\/nl\/speciale-reizen\/oeganda-tour\/\" style=\"background-color:#ffaf45\">Lees meer<\/a><\/div>\n<\/div>\n<\/div><\/div>\n<\/div><\/div>\n\n\n\n<div class=\"wp-block-kft-block-row kft-row-block kft-background kft-background--general kft-styles-4b8ad5c5\" data-kft-fullwidth=\"wrapper\"><div class=\"kft-row-block__inner\">\n<div class=\"wp-block-kft-block-column kft-column-block kft-styles-11df7d24\"><div class=\"kft-column-block__inner\">\n<figure class=\"wp-block-image size-full\"><a href=\"https:\/\/cultureroadtravel.com\/nl\/world-nomad-games\/\"><img  loading=\"lazy\"  decoding=\"async\"  width=\"1200\"  height=\"800\"  src=\"https:\/\/cultureroadtravel.com\/wp-content\/uploads\/2024\/03\/05-World-Nomad-Games-Hungaryans.jpg\"  alt=\"world nomad games\"  class=\"wp-image-31641\"  srcset=\"https:\/\/cultureroadtravel.com\/wp-content\/uploads\/2024\/03\/05-World-Nomad-Games-Hungaryans.jpg 1200w, https:\/\/cultureroadtravel.com\/wp-content\/uploads\/2024\/03\/05-World-Nomad-Games-Hungaryans-768x512.jpg 768w, https:\/\/cultureroadtravel.com\/wp-content\/uploads\/2024\/03\/05-World-Nomad-Games-Hungaryans-80x53.jpg 80w\"  sizes=\"auto, (max-width: 1200px) 100vw, 1200px\" ><\/a><\/figure>\n<\/div><\/div>\n\n\n\n<div class=\"wp-block-kft-block-column kft-column-block kft-styles-3cb20432\"><div class=\"kft-column-block__inner\">\n<div class=\"wp-block-kft-block-heading kft-heading-block kft-styles-7009b9bf\"><div class=\"kft-heading-block__inner\"><h3 class=\"kft-heading-block__content\"><a href=\"https:\/\/cultureroadtravel.com\/nl\/world-nomad-games\/\">World Nomad Games 2026 Tour<\/a><\/h3><\/div><\/div>\n\n\n\n<div class=\"wp-block-columns is-layout-flex wp-container-core-columns-is-layout-9d6595d7 wp-block-columns-is-layout-flex\">\n<div class=\"wp-block-column is-layout-flow wp-block-column-is-layout-flow\">\n<p><strong>Datum: 30 augustus &#8211; 5 september 2026<\/strong><\/p>\n<\/div>\n\n\n\n<div class=\"wp-block-column is-layout-flow wp-block-column-is-layout-flow\">\n<p><strong>Prijs: \u20ac 1995 <\/strong><\/p>\n<\/div>\n<\/div>\n\n\n\n<p>Ben je klaar om de sensatie van de nomadische spelen te ervaren? De World Nomad Games (WNG) zijn een wereldwijde viering van etnische sporten die geworteld zijn in de volksspelen van historisch nomadische volkeren in Centraal-Azi\u00eb. De WNG zijn door UNESCO erkend als immaterieel cultureel erfgoed en hebben als doel de ontwikkeling van etnische sporten, de etnisch-culturele beweging te bevorderen en het erfgoed van de menselijke beschaving te beschermen.&nbsp;Ga met CultureRoad mee naar de 6e editie van de World Nomad Games in 2026!<\/p>\n\n\n\n<div class=\"wp-block-buttons is-layout-flex wp-block-buttons-is-layout-flex\">\n<div class=\"wp-block-button\"><a class=\"wp-block-button__link has-background wp-element-button\" href=\"https:\/\/cultureroadtravel.com\/nl\/world-nomad-games\/\" style=\"background-color:#ffaf45\">Lees meer<\/a><\/div>\n<\/div>\n<\/div><\/div>\n<\/div><\/div>\n\n\n\n<div class=\"wp-block-kft-block-row kft-row-block kft-background kft-background--general kft-styles-7421c788\" data-kft-fullwidth=\"wrapper\"><div class=\"kft-row-block__inner\">\n<div class=\"wp-block-kft-block-column kft-column-block kft-styles-142bea6d\"><div class=\"kft-column-block__inner\">\n<h3 class=\"wp-block-heading kft-block-56eb5255\" id=\"h-weet-je-al-wat-je-zoekt\">Weet je al wat je zoekt?<\/h3>\n<\/div><\/div>\n\n\n\n<div class=\"wp-block-kft-block-column kft-column-block kft-styles-3f2ec40c\"><div class=\"kft-column-block__inner\">\n<div class=\"wp-block-buttons kft-block-e45d2826 is-layout-flex wp-block-buttons-is-layout-flex\">\n<div class=\"wp-block-button big-btn kft-block-86a1668a\"><a class=\"wp-block-button__link wp-element-button\" href=\"https:\/\/cultureroadtravel.com\/nl\/maak-de-reis-van-je-leven\/\">start hier jouw avontuur<\/a><\/div>\n<\/div>\n<\/div><\/div>\n<\/div><\/div>\n","protected":false},"excerpt":{"rendered":"","protected":false},"author":2,"featured_media":10070,"parent":0,"menu_order":0,"comment_status":"closed","ping_status":"closed","template":"","meta":{"_acf_changed":false,"footnotes":""},"class_list":["post-11601","page","type-page","status-publish","has-post-thumbnail","hentry"],"acf":[],"yoast_head":"<!-- This site is optimized with the Yoast SEO Premium plugin v27.4 (Yoast SEO v27.4) - https:\/\/yoast.com\/product\/yoast-seo-premium-wordpress\/ -->\n<title>Speciale Reizen | Expert in Unieke Bestemmingen | CultureRoad<\/title>\n<meta name=\"description\" content=\"Op deze pagina vind je een aantal van onze meest spectaculaire reizen. Deze groepsreizen gaan dwars door verschillende landen heen.\" \/>\n<meta name=\"robots\" content=\"index, follow, max-snippet:-1, max-image-preview:large, max-video-preview:-1\" \/>\n<link rel=\"canonical\" href=\"https:\/\/cultureroadtravel.com\/nl\/speciale-reizen\/\" \/>\n<meta property=\"og:locale\" content=\"nl_NL\" \/>\n<meta property=\"og:type\" content=\"article\" \/>\n<meta property=\"og:title\" content=\"Speciale Reizen\" \/>\n<meta property=\"og:description\" content=\"Op deze pagina vind je een aantal van onze meest spectaculaire reizen. Deze groepsreizen gaan dwars door verschillende landen heen.\" \/>\n<meta property=\"og:url\" content=\"https:\/\/cultureroadtravel.com\/nl\/speciale-reizen\/\" \/>\n<meta property=\"og:site_name\" content=\"CultureRoad Travel\" \/>\n<meta property=\"article:publisher\" content=\"https:\/\/www.facebook.com\/CultureRoadtravel\/\" \/>\n<meta property=\"article:modified_time\" content=\"2025-10-13T13:05:40+00:00\" \/>\n<meta property=\"og:image\" content=\"https:\/\/cultureroadtravel.com\/wp-content\/uploads\/2021\/02\/Pakistan-Khunjerab-National-Park-landscape-1.jpg\" \/>\n\t<meta property=\"og:image:width\" content=\"1620\" \/>\n\t<meta property=\"og:image:height\" content=\"1080\" \/>\n\t<meta property=\"og:image:type\" content=\"image\/jpeg\" \/>\n<meta name=\"twitter:card\" content=\"summary_large_image\" \/>\n<meta name=\"twitter:label1\" content=\"Geschatte leestijd\" \/>\n\t<meta name=\"twitter:data1\" content=\"3 minuten\" \/>\n<script type=\"application\/ld+json\" class=\"yoast-schema-graph\">{\"@context\":\"https:\\\/\\\/schema.org\",\"@graph\":[{\"@type\":\"WebPage\",\"@id\":\"https:\\\/\\\/cultureroadtravel.com\\\/nl\\\/speciale-reizen\\\/\",\"url\":\"https:\\\/\\\/cultureroadtravel.com\\\/nl\\\/speciale-reizen\\\/\",\"name\":\"Speciale Reizen | Expert in Unieke Bestemmingen | CultureRoad\",\"isPartOf\":{\"@id\":\"https:\\\/\\\/cultureroadtravel.com\\\/nl\\\/#website\"},\"primaryImageOfPage\":{\"@id\":\"https:\\\/\\\/cultureroadtravel.com\\\/nl\\\/speciale-reizen\\\/#primaryimage\"},\"image\":{\"@id\":\"https:\\\/\\\/cultureroadtravel.com\\\/nl\\\/speciale-reizen\\\/#primaryimage\"},\"thumbnailUrl\":\"https:\\\/\\\/cultureroadtravel.com\\\/wp-content\\\/uploads\\\/2021\\\/02\\\/Pakistan-Khunjerab-National-Park-landscape-1.jpg\",\"datePublished\":\"2021-04-23T08:24:09+00:00\",\"dateModified\":\"2025-10-13T13:05:40+00:00\",\"description\":\"Op deze pagina vind je een aantal van onze meest spectaculaire reizen. Deze groepsreizen gaan dwars door verschillende landen heen.\",\"breadcrumb\":{\"@id\":\"https:\\\/\\\/cultureroadtravel.com\\\/nl\\\/speciale-reizen\\\/#breadcrumb\"},\"inLanguage\":\"nl-NL\",\"potentialAction\":[{\"@type\":\"ReadAction\",\"target\":[\"https:\\\/\\\/cultureroadtravel.com\\\/nl\\\/speciale-reizen\\\/\"]}]},{\"@type\":\"ImageObject\",\"inLanguage\":\"nl-NL\",\"@id\":\"https:\\\/\\\/cultureroadtravel.com\\\/nl\\\/speciale-reizen\\\/#primaryimage\",\"url\":\"https:\\\/\\\/cultureroadtravel.com\\\/wp-content\\\/uploads\\\/2021\\\/02\\\/Pakistan-Khunjerab-National-Park-landscape-1.jpg\",\"contentUrl\":\"https:\\\/\\\/cultureroadtravel.com\\\/wp-content\\\/uploads\\\/2021\\\/02\\\/Pakistan-Khunjerab-National-Park-landscape-1.jpg\",\"width\":1620,\"height\":1080,\"caption\":\"Khubjerab National Park, on the border of China and Pakistan\"},{\"@type\":\"BreadcrumbList\",\"@id\":\"https:\\\/\\\/cultureroadtravel.com\\\/nl\\\/speciale-reizen\\\/#breadcrumb\",\"itemListElement\":[{\"@type\":\"ListItem\",\"position\":1,\"name\":\"Home\",\"item\":\"https:\\\/\\\/cultureroadtravel.com\\\/nl\\\/\"},{\"@type\":\"ListItem\",\"position\":2,\"name\":\"Speciale Reizen\"}]},{\"@type\":\"WebSite\",\"@id\":\"https:\\\/\\\/cultureroadtravel.com\\\/nl\\\/#website\",\"url\":\"https:\\\/\\\/cultureroadtravel.com\\\/nl\\\/\",\"name\":\"CultureRoad Travel\",\"description\":\"Roam off the tourist path with CultureRoad Travel\",\"publisher\":{\"@id\":\"https:\\\/\\\/cultureroadtravel.com\\\/nl\\\/#organization\"},\"potentialAction\":[{\"@type\":\"SearchAction\",\"target\":{\"@type\":\"EntryPoint\",\"urlTemplate\":\"https:\\\/\\\/cultureroadtravel.com\\\/nl\\\/?s={search_term_string}\"},\"query-input\":{\"@type\":\"PropertyValueSpecification\",\"valueRequired\":true,\"valueName\":\"search_term_string\"}}],\"inLanguage\":\"nl-NL\"},{\"@type\":\"Organization\",\"@id\":\"https:\\\/\\\/cultureroadtravel.com\\\/nl\\\/#organization\",\"name\":\"CultureRoad Travel\",\"url\":\"https:\\\/\\\/cultureroadtravel.com\\\/nl\\\/\",\"logo\":{\"@type\":\"ImageObject\",\"inLanguage\":\"nl-NL\",\"@id\":\"https:\\\/\\\/cultureroadtravel.com\\\/nl\\\/#\\\/schema\\\/logo\\\/image\\\/\",\"url\":\"https:\\\/\\\/cultureroadtravel.com\\\/wp-content\\\/uploads\\\/2021\\\/01\\\/Culture_Road_Logo.svg\",\"contentUrl\":\"https:\\\/\\\/cultureroadtravel.com\\\/wp-content\\\/uploads\\\/2021\\\/01\\\/Culture_Road_Logo.svg\",\"width\":1,\"height\":1,\"caption\":\"CultureRoad Travel\"},\"image\":{\"@id\":\"https:\\\/\\\/cultureroadtravel.com\\\/nl\\\/#\\\/schema\\\/logo\\\/image\\\/\"},\"sameAs\":[\"https:\\\/\\\/www.facebook.com\\\/CultureRoadtravel\\\/\",\"https:\\\/\\\/www.instagram.com\\\/cultureroadtravel\\\/\",\"https:\\\/\\\/www.linkedin.com\\\/company\\\/9376780\\\/admin\\\/\"]}]}<\/script>\n<!-- \/ Yoast SEO Premium plugin. -->","yoast_head_json":{"title":"Speciale Reizen | Expert in Unieke Bestemmingen | CultureRoad","description":"Op deze pagina vind je een aantal van onze meest spectaculaire reizen. Deze groepsreizen gaan dwars door verschillende landen heen.","robots":{"index":"index","follow":"follow","max-snippet":"max-snippet:-1","max-image-preview":"max-image-preview:large","max-video-preview":"max-video-preview:-1"},"canonical":"https:\/\/cultureroadtravel.com\/nl\/speciale-reizen\/","og_locale":"nl_NL","og_type":"article","og_title":"Speciale Reizen","og_description":"Op deze pagina vind je een aantal van onze meest spectaculaire reizen. Deze groepsreizen gaan dwars door verschillende landen heen.","og_url":"https:\/\/cultureroadtravel.com\/nl\/speciale-reizen\/","og_site_name":"CultureRoad Travel","article_publisher":"https:\/\/www.facebook.com\/CultureRoadtravel\/","article_modified_time":"2025-10-13T13:05:40+00:00","og_image":[{"width":1620,"height":1080,"url":"https:\/\/cultureroadtravel.com\/wp-content\/uploads\/2021\/02\/Pakistan-Khunjerab-National-Park-landscape-1.jpg","type":"image\/jpeg"}],"twitter_card":"summary_large_image","twitter_misc":{"Geschatte leestijd":"3 minuten"},"schema":{"@context":"https:\/\/schema.org","@graph":[{"@type":"WebPage","@id":"https:\/\/cultureroadtravel.com\/nl\/speciale-reizen\/","url":"https:\/\/cultureroadtravel.com\/nl\/speciale-reizen\/","name":"Speciale Reizen | Expert in Unieke Bestemmingen | CultureRoad","isPartOf":{"@id":"https:\/\/cultureroadtravel.com\/nl\/#website"},"primaryImageOfPage":{"@id":"https:\/\/cultureroadtravel.com\/nl\/speciale-reizen\/#primaryimage"},"image":{"@id":"https:\/\/cultureroadtravel.com\/nl\/speciale-reizen\/#primaryimage"},"thumbnailUrl":"https:\/\/cultureroadtravel.com\/wp-content\/uploads\/2021\/02\/Pakistan-Khunjerab-National-Park-landscape-1.jpg","datePublished":"2021-04-23T08:24:09+00:00","dateModified":"2025-10-13T13:05:40+00:00","description":"Op deze pagina vind je een aantal van onze meest spectaculaire reizen. Deze groepsreizen gaan dwars door verschillende landen heen.","breadcrumb":{"@id":"https:\/\/cultureroadtravel.com\/nl\/speciale-reizen\/#breadcrumb"},"inLanguage":"nl-NL","potentialAction":[{"@type":"ReadAction","target":["https:\/\/cultureroadtravel.com\/nl\/speciale-reizen\/"]}]},{"@type":"ImageObject","inLanguage":"nl-NL","@id":"https:\/\/cultureroadtravel.com\/nl\/speciale-reizen\/#primaryimage","url":"https:\/\/cultureroadtravel.com\/wp-content\/uploads\/2021\/02\/Pakistan-Khunjerab-National-Park-landscape-1.jpg","contentUrl":"https:\/\/cultureroadtravel.com\/wp-content\/uploads\/2021\/02\/Pakistan-Khunjerab-National-Park-landscape-1.jpg","width":1620,"height":1080,"caption":"Khubjerab National Park, on the border of China and Pakistan"},{"@type":"BreadcrumbList","@id":"https:\/\/cultureroadtravel.com\/nl\/speciale-reizen\/#breadcrumb","itemListElement":[{"@type":"ListItem","position":1,"name":"Home","item":"https:\/\/cultureroadtravel.com\/nl\/"},{"@type":"ListItem","position":2,"name":"Speciale Reizen"}]},{"@type":"WebSite","@id":"https:\/\/cultureroadtravel.com\/nl\/#website","url":"https:\/\/cultureroadtravel.com\/nl\/","name":"CultureRoad Travel","description":"Roam off the tourist path with CultureRoad Travel","publisher":{"@id":"https:\/\/cultureroadtravel.com\/nl\/#organization"},"potentialAction":[{"@type":"SearchAction","target":{"@type":"EntryPoint","urlTemplate":"https:\/\/cultureroadtravel.com\/nl\/?s={search_term_string}"},"query-input":{"@type":"PropertyValueSpecification","valueRequired":true,"valueName":"search_term_string"}}],"inLanguage":"nl-NL"},{"@type":"Organization","@id":"https:\/\/cultureroadtravel.com\/nl\/#organization","name":"CultureRoad Travel","url":"https:\/\/cultureroadtravel.com\/nl\/","logo":{"@type":"ImageObject","inLanguage":"nl-NL","@id":"https:\/\/cultureroadtravel.com\/nl\/#\/schema\/logo\/image\/","url":"https:\/\/cultureroadtravel.com\/wp-content\/uploads\/2021\/01\/Culture_Road_Logo.svg","contentUrl":"https:\/\/cultureroadtravel.com\/wp-content\/uploads\/2021\/01\/Culture_Road_Logo.svg","width":1,"height":1,"caption":"CultureRoad Travel"},"image":{"@id":"https:\/\/cultureroadtravel.com\/nl\/#\/schema\/logo\/image\/"},"sameAs":["https:\/\/www.facebook.com\/CultureRoadtravel\/","https:\/\/www.instagram.com\/cultureroadtravel\/","https:\/\/www.linkedin.com\/company\/9376780\/admin\/"]}]}},"_links":{"self":[{"href":"https:\/\/cultureroadtravel.com\/nl\/wp-json\/wp\/v2\/pages\/11601","targetHints":{"allow":["GET"]}}],"collection":[{"href":"https:\/\/cultureroadtravel.com\/nl\/wp-json\/wp\/v2\/pages"}],"about":[{"href":"https:\/\/cultureroadtravel.com\/nl\/wp-json\/wp\/v2\/types\/page"}],"author":[{"embeddable":true,"href":"https:\/\/cultureroadtravel.com\/nl\/wp-json\/wp\/v2\/users\/2"}],"replies":[{"embeddable":true,"href":"https:\/\/cultureroadtravel.com\/nl\/wp-json\/wp\/v2\/comments?post=11601"}],"version-history":[{"count":9,"href":"https:\/\/cultureroadtravel.com\/nl\/wp-json\/wp\/v2\/pages\/11601\/revisions"}],"predecessor-version":[{"id":49016,"href":"https:\/\/cultureroadtravel.com\/nl\/wp-json\/wp\/v2\/pages\/11601\/revisions\/49016"}],"wp:featuredmedia":[{"embeddable":true,"href":"https:\/\/cultureroadtravel.com\/nl\/wp-json\/wp\/v2\/media\/10070"}],"wp:attachment":[{"href":"https:\/\/cultureroadtravel.com\/nl\/wp-json\/wp\/v2\/media?parent=11601"}],"curies":[{"name":"wp","href":"https:\/\/api.w.org\/{rel}","templated":true}]}}