{"id":11100,"date":"2021-03-24T09:53:08","date_gmt":"2021-03-24T09:53:08","guid":{"rendered":"https:\/\/cultureroadtravel.com\/groepsreizen\/haiti-group-tours\/"},"modified":"2025-03-10T15:01:12","modified_gmt":"2025-03-10T15:01:12","slug":"groepsreizen","status":"publish","type":"page","link":"https:\/\/cultureroadtravel.com\/nl\/haiti\/groepsreizen\/","title":{"rendered":"Ha\u00efti &#8211; Groepsreizen"},"content":{"rendered":"\n<div class=\"wp-block-kft-block-row kft-row-block kft-background kft-background--general kft-styles-0b7a3365\"><div class=\"kft-row-block__inner\">\n<div class=\"wp-block-kft-block-column kft-column-block kft-styles-1a8eb58e\"><div class=\"kft-column-block__inner\"><\/div><\/div>\n\n\n\n<div class=\"wp-block-kft-block-column kft-column-block kft-styles-37080728\"><div class=\"kft-column-block__inner\">\n<div class=\"wp-block-kft-block-heading kft-heading-block kft-styles-7e66e463\"><div class=\"kft-heading-block__inner\"><h1 class=\"kft-heading-block__content\">Groepsreizen naar Ha\u00efti<\/h1><\/div><\/div>\n\n\n\n<div class=\"wp-block-kft-block-spacing kft-spacing kft-styles-48325108\"><\/div>\n\n\n\n<p>Mysterieus en vol mystiek, dat is Ha\u00efti. Tijdens een groepsreis door dit fascinerende land zal je kennismaken met de Ha\u00eftiaanse cultuur en de prachtige natuur. Tijdens de groepstour heb je bovendien de gezelligheid en dynamiek van het samen reizen. Onze groepen bestaan vaak uit een internationaal gezelschap van over de hele wereld. De meeste mensen zijn al vaker op reis geweest en zijn nieuwsgierig naar ieders verhaal. Het leuke aan een groepsreis naar Ha\u00efti is dat je de reis echt samen als groep ervaart. Ga dus nu met ons mee op dit avontuur en boek nu een groepsreis naar Ha\u00efti!<\/p>\n\n\n\n<p><strong><span style=\"background-color:#eee\" class=\"kft-inline-bgcolor\">Op dit moment zijn onze reizen naar Ha\u00efti opgeschort vanwege de veiligheidssituatie.<\/span><\/strong><\/p>\n\n\n                <div class=\"ml-embedded\" data-form=\"Czrscz\"><\/div>\n            \n\n\n\n<div class=\"wp-block-kft-block-spacing kft-spacing kft-styles-3d49a95d\"><\/div>\n<\/div><\/div>\n\n\n\n<div class=\"wp-block-kft-block-column kft-column-block kft-styles-6728c391\"><div class=\"kft-column-block__inner\"><\/div><\/div>\n<\/div><\/div>\n\n\n\n<div class=\"wp-block-kft-block-row kft-row-block kft-background kft-background--general kft-styles-5fc91779\" data-kft-fullwidth=\"wrapper\"><div class=\"kft-row-block__inner\">\n<div class=\"wp-block-kft-block-column kft-column-block kft-styles-82c563c1\"><div class=\"kft-column-block__inner\">\n<figure class=\"wp-block-image size-large\"><a href=\"https:\/\/cultureroadtravel.com\/nl\/haiti\/groepsreizen\/voodoo-zomer-tour\/\"><img  loading=\"lazy\"  decoding=\"async\"  width=\"1024\"  height=\"768\"  src=\"https:\/\/cultureroadtravel.com\/wp-content\/uploads\/2021\/03\/Haiti-Port-au-Prince-Artists-Rezistans-Grand-Rue-Artists-Metal-art-1024x768.jpg\"  alt=\"metal art in haiti\"  class=\"wp-image-10769\"  srcset=\"https:\/\/cultureroadtravel.com\/wp-content\/uploads\/2021\/03\/Haiti-Port-au-Prince-Artists-Rezistans-Grand-Rue-Artists-Metal-art-1024x768.jpg 1024w, https:\/\/cultureroadtravel.com\/wp-content\/uploads\/2021\/03\/Haiti-Port-au-Prince-Artists-Rezistans-Grand-Rue-Artists-Metal-art-300x225.jpg 300w, https:\/\/cultureroadtravel.com\/wp-content\/uploads\/2021\/03\/Haiti-Port-au-Prince-Artists-Rezistans-Grand-Rue-Artists-Metal-art-768x576.jpg 768w, https:\/\/cultureroadtravel.com\/wp-content\/uploads\/2021\/03\/Haiti-Port-au-Prince-Artists-Rezistans-Grand-Rue-Artists-Metal-art-1536x1152.jpg 1536w, https:\/\/cultureroadtravel.com\/wp-content\/uploads\/2021\/03\/Haiti-Port-au-Prince-Artists-Rezistans-Grand-Rue-Artists-Metal-art-80x60.jpg 80w, https:\/\/cultureroadtravel.com\/wp-content\/uploads\/2021\/03\/Haiti-Port-au-Prince-Artists-Rezistans-Grand-Rue-Artists-Metal-art.jpg 1600w\"  sizes=\"auto, (max-width: 1024px) 100vw, 1024px\" ><\/a><\/figure>\n<\/div><\/div>\n\n\n\n<div class=\"wp-block-kft-block-column kft-column-block kft-styles-12f6e60f\"><div class=\"kft-column-block__inner\">\n<div class=\"wp-block-kft-block-heading kft-heading-block kft-styles-4d5ae9c1\"><div class=\"kft-heading-block__inner\"><h3 class=\"kft-heading-block__content\"><a href=\"https:\/\/cultureroadtravel.com\/nl\/haiti\/groepsreizen\/voodoo-zomer-tour\/\">Voodoo Zomer Tour<\/a><\/h3><\/div><\/div>\n\n\n\n<div class=\"wp-block-columns is-layout-flex wp-container-core-columns-is-layout-9d6595d7 wp-block-columns-is-layout-flex\">\n<div class=\"wp-block-column is-layout-flow wp-block-column-is-layout-flow\">\n<p><strong>Datum: TBC<\/strong><\/p>\n<\/div>\n\n\n\n<div class=\"wp-block-column is-layout-flow wp-block-column-is-layout-flow\">\n<p><strong>Prijs: TBC<\/strong><\/p>\n<\/div>\n<\/div>\n\n\n\n<p>Ga mee op reis naar Ha\u00efti. Het meest onbekende en onontdekte land van het Cara\u00efbisch Gebied. Tijdens deze groepsreis reis je langs alle bekende plekken van het land. Je bezoekt de steden Port-au-Prince, Jacmel en Cap-Ha\u00eftien, inclusief de beroemde citadel. Het hoogtepunt van de reis is een bezoek aan het Saut D\u2019eau Festival. Dit is het grootste voodoo (in Ha\u00efti vaak benoemd als Vodou) festival van het land en trekt jaarlijks duizenden gelovigen aan.<\/p>\n\n\n\n<div class=\"wp-block-buttons is-layout-flex wp-block-buttons-is-layout-flex\">\n<div class=\"wp-block-button\"><a class=\"wp-block-button__link has-background wp-element-button\" href=\"https:\/\/cultureroadtravel.com\/nl\/haiti\/groepsreizen\/voodoo-zomer-tour\/\" style=\"background-color:#ffaf45\">Lees meer<\/a><\/div>\n<\/div>\n<\/div><\/div>\n<\/div><\/div>\n\n\n\n<div class=\"wp-block-kft-block-row kft-row-block kft-background kft-background--general kft-styles-c99416ac\"><div class=\"kft-row-block__inner\">\n<div class=\"wp-block-kft-block-column kft-column-block kft-styles-f534e7ac\"><div class=\"kft-column-block__inner\">\n<h2 class=\"wp-block-heading has-text-align-left\" id=\"h-ik-heb-interesse-in-individuele-reizen-naar-haiti\" style=\"font-size:20px\"><a href=\"https:\/\/cultureroadtravel.com\/nl\/haiti\/individuele-reizen\/\">Ik heb interesse in individuele reizen naar Ha\u00efti<\/a><\/h2>\n<\/div><\/div>\n\n\n\n<div class=\"wp-block-kft-block-column kft-column-block kft-styles-ed686c80\"><div class=\"kft-column-block__inner\">\n<h2 class=\"wp-block-heading has-text-align-left\" id=\"h-ik-wil-graag-meer-weten-over-haiti\" style=\"font-size:20px\"><a href=\"https:\/\/cultureroadtravel.com\/nl\/haiti\/\">Ik wil graag meer weten over Ha\u00efti<\/a><\/h2>\n<\/div><\/div>\n<\/div><\/div>\n\n\n\n<div class=\"wp-block-kft-block-row kft-row-block kft-background kft-background--general kft-styles-8fea56dc\" data-kft-fullwidth=\"wrapper\"><div class=\"kft-row-block__inner\">\n<div class=\"wp-block-kft-block-column kft-column-block kft-styles-6580cd1c\"><div class=\"kft-column-block__inner\">\n<h3 class=\"wp-block-heading kft-block-56eb5255\" id=\"h-weet-je-al-wat-je-zoekt\">Weet je al wat je zoekt?<\/h3>\n<\/div><\/div>\n\n\n\n<div class=\"wp-block-kft-block-column kft-column-block kft-styles-d2515adc\"><div class=\"kft-column-block__inner\">\n<div class=\"wp-block-buttons kft-block-e45d2826 is-layout-flex wp-block-buttons-is-layout-flex\">\n<div class=\"wp-block-button big-btn kft-block-86a1668a\"><a class=\"wp-block-button__link wp-element-button\" href=\"https:\/\/cultureroadtravel.com\/nl\/maak-de-reis-van-je-leven\/\">start hier jouw avontuur<\/a><\/div>\n<\/div>\n<\/div><\/div>\n<\/div><\/div>\n","protected":false},"excerpt":{"rendered":"","protected":false},"author":2,"featured_media":10776,"parent":10973,"menu_order":0,"comment_status":"closed","ping_status":"closed","template":"","meta":{"_acf_changed":false,"footnotes":""},"class_list":["post-11100","page","type-page","status-publish","has-post-thumbnail","hentry"],"acf":[],"yoast_head":"<!-- This site is optimized with the Yoast SEO Premium plugin v27.4 (Yoast SEO v27.4) - https:\/\/yoast.com\/product\/yoast-seo-premium-wordpress\/ -->\n<title>Ha\u00efti Groepsreis | Expert in Unieke Bestemmingen | CultureRoad<\/title>\n<meta name=\"description\" content=\"Ga mee met een groepsreis naar Ha\u00efti. Samen ontdekken we het bijzondere en mysterieuze Ha\u00efti. Veilig, verantwoordelijk en ongelofelijk!\" \/>\n<meta name=\"robots\" content=\"index, follow, max-snippet:-1, max-image-preview:large, max-video-preview:-1\" \/>\n<link rel=\"canonical\" href=\"https:\/\/cultureroadtravel.com\/nl\/haiti\/groepsreizen\/\" \/>\n<meta property=\"og:locale\" content=\"nl_NL\" \/>\n<meta property=\"og:type\" content=\"article\" \/>\n<meta property=\"og:title\" content=\"Ha\u00efti - Groepsreizen\" \/>\n<meta property=\"og:description\" content=\"Ga mee met een groepsreis naar Ha\u00efti. Samen ontdekken we het bijzondere en mysterieuze Ha\u00efti. Veilig, verantwoordelijk en ongelofelijk!\" \/>\n<meta property=\"og:url\" content=\"https:\/\/cultureroadtravel.com\/nl\/haiti\/groepsreizen\/\" \/>\n<meta property=\"og:site_name\" content=\"CultureRoad Travel\" \/>\n<meta property=\"article:publisher\" content=\"https:\/\/www.facebook.com\/CultureRoadtravel\/\" \/>\n<meta property=\"article:modified_time\" content=\"2025-03-10T15:01:12+00:00\" \/>\n<meta property=\"og:image\" content=\"https:\/\/cultureroadtravel.com\/wp-content\/uploads\/2021\/03\/Haiti-Port-au-Prince-Tap-Tap-bus.jpg\" \/>\n\t<meta property=\"og:image:width\" content=\"1619\" \/>\n\t<meta property=\"og:image:height\" content=\"1200\" \/>\n\t<meta property=\"og:image:type\" content=\"image\/jpeg\" \/>\n<meta name=\"twitter:card\" content=\"summary_large_image\" \/>\n<meta name=\"twitter:label1\" content=\"Geschatte leestijd\" \/>\n\t<meta name=\"twitter:data1\" content=\"1 minuut\" \/>\n<script type=\"application\/ld+json\" class=\"yoast-schema-graph\">{\"@context\":\"https:\\\/\\\/schema.org\",\"@graph\":[{\"@type\":\"WebPage\",\"@id\":\"https:\\\/\\\/cultureroadtravel.com\\\/nl\\\/haiti\\\/groepsreizen\\\/\",\"url\":\"https:\\\/\\\/cultureroadtravel.com\\\/nl\\\/haiti\\\/groepsreizen\\\/\",\"name\":\"Ha\u00efti Groepsreis | Expert in Unieke Bestemmingen | CultureRoad\",\"isPartOf\":{\"@id\":\"https:\\\/\\\/cultureroadtravel.com\\\/nl\\\/#website\"},\"primaryImageOfPage\":{\"@id\":\"https:\\\/\\\/cultureroadtravel.com\\\/nl\\\/haiti\\\/groepsreizen\\\/#primaryimage\"},\"image\":{\"@id\":\"https:\\\/\\\/cultureroadtravel.com\\\/nl\\\/haiti\\\/groepsreizen\\\/#primaryimage\"},\"thumbnailUrl\":\"https:\\\/\\\/cultureroadtravel.com\\\/wp-content\\\/uploads\\\/2021\\\/03\\\/Haiti-Port-au-Prince-Tap-Tap-bus.jpg\",\"datePublished\":\"2021-03-24T09:53:08+00:00\",\"dateModified\":\"2025-03-10T15:01:12+00:00\",\"description\":\"Ga mee met een groepsreis naar Ha\u00efti. Samen ontdekken we het bijzondere en mysterieuze Ha\u00efti. Veilig, verantwoordelijk en ongelofelijk!\",\"breadcrumb\":{\"@id\":\"https:\\\/\\\/cultureroadtravel.com\\\/nl\\\/haiti\\\/groepsreizen\\\/#breadcrumb\"},\"inLanguage\":\"nl-NL\",\"potentialAction\":[{\"@type\":\"ReadAction\",\"target\":[\"https:\\\/\\\/cultureroadtravel.com\\\/nl\\\/haiti\\\/groepsreizen\\\/\"]}]},{\"@type\":\"ImageObject\",\"inLanguage\":\"nl-NL\",\"@id\":\"https:\\\/\\\/cultureroadtravel.com\\\/nl\\\/haiti\\\/groepsreizen\\\/#primaryimage\",\"url\":\"https:\\\/\\\/cultureroadtravel.com\\\/wp-content\\\/uploads\\\/2021\\\/03\\\/Haiti-Port-au-Prince-Tap-Tap-bus.jpg\",\"contentUrl\":\"https:\\\/\\\/cultureroadtravel.com\\\/wp-content\\\/uploads\\\/2021\\\/03\\\/Haiti-Port-au-Prince-Tap-Tap-bus.jpg\",\"width\":1619,\"height\":1200,\"caption\":\"Local tap tap bus in downtown Port-au-Prince, Haiti\"},{\"@type\":\"BreadcrumbList\",\"@id\":\"https:\\\/\\\/cultureroadtravel.com\\\/nl\\\/haiti\\\/groepsreizen\\\/#breadcrumb\",\"itemListElement\":[{\"@type\":\"ListItem\",\"position\":1,\"name\":\"Home\",\"item\":\"https:\\\/\\\/cultureroadtravel.com\\\/nl\\\/\"},{\"@type\":\"ListItem\",\"position\":2,\"name\":\"Ha\u00efti\",\"item\":\"https:\\\/\\\/cultureroadtravel.com\\\/nl\\\/haiti\\\/\"},{\"@type\":\"ListItem\",\"position\":3,\"name\":\"Ha\u00efti &#8211; Groepsreizen\"}]},{\"@type\":\"WebSite\",\"@id\":\"https:\\\/\\\/cultureroadtravel.com\\\/nl\\\/#website\",\"url\":\"https:\\\/\\\/cultureroadtravel.com\\\/nl\\\/\",\"name\":\"CultureRoad Travel\",\"description\":\"Roam off the tourist path with CultureRoad Travel\",\"publisher\":{\"@id\":\"https:\\\/\\\/cultureroadtravel.com\\\/nl\\\/#organization\"},\"potentialAction\":[{\"@type\":\"SearchAction\",\"target\":{\"@type\":\"EntryPoint\",\"urlTemplate\":\"https:\\\/\\\/cultureroadtravel.com\\\/nl\\\/?s={search_term_string}\"},\"query-input\":{\"@type\":\"PropertyValueSpecification\",\"valueRequired\":true,\"valueName\":\"search_term_string\"}}],\"inLanguage\":\"nl-NL\"},{\"@type\":\"Organization\",\"@id\":\"https:\\\/\\\/cultureroadtravel.com\\\/nl\\\/#organization\",\"name\":\"CultureRoad Travel\",\"url\":\"https:\\\/\\\/cultureroadtravel.com\\\/nl\\\/\",\"logo\":{\"@type\":\"ImageObject\",\"inLanguage\":\"nl-NL\",\"@id\":\"https:\\\/\\\/cultureroadtravel.com\\\/nl\\\/#\\\/schema\\\/logo\\\/image\\\/\",\"url\":\"https:\\\/\\\/cultureroadtravel.com\\\/wp-content\\\/uploads\\\/2021\\\/01\\\/Culture_Road_Logo.svg\",\"contentUrl\":\"https:\\\/\\\/cultureroadtravel.com\\\/wp-content\\\/uploads\\\/2021\\\/01\\\/Culture_Road_Logo.svg\",\"width\":1,\"height\":1,\"caption\":\"CultureRoad Travel\"},\"image\":{\"@id\":\"https:\\\/\\\/cultureroadtravel.com\\\/nl\\\/#\\\/schema\\\/logo\\\/image\\\/\"},\"sameAs\":[\"https:\\\/\\\/www.facebook.com\\\/CultureRoadtravel\\\/\",\"https:\\\/\\\/www.instagram.com\\\/cultureroadtravel\\\/\",\"https:\\\/\\\/www.linkedin.com\\\/company\\\/9376780\\\/admin\\\/\"]}]}<\/script>\n<!-- \/ Yoast SEO Premium plugin. -->","yoast_head_json":{"title":"Ha\u00efti Groepsreis | Expert in Unieke Bestemmingen | CultureRoad","description":"Ga mee met een groepsreis naar Ha\u00efti. Samen ontdekken we het bijzondere en mysterieuze Ha\u00efti. Veilig, verantwoordelijk en ongelofelijk!","robots":{"index":"index","follow":"follow","max-snippet":"max-snippet:-1","max-image-preview":"max-image-preview:large","max-video-preview":"max-video-preview:-1"},"canonical":"https:\/\/cultureroadtravel.com\/nl\/haiti\/groepsreizen\/","og_locale":"nl_NL","og_type":"article","og_title":"Ha\u00efti - Groepsreizen","og_description":"Ga mee met een groepsreis naar Ha\u00efti. Samen ontdekken we het bijzondere en mysterieuze Ha\u00efti. Veilig, verantwoordelijk en ongelofelijk!","og_url":"https:\/\/cultureroadtravel.com\/nl\/haiti\/groepsreizen\/","og_site_name":"CultureRoad Travel","article_publisher":"https:\/\/www.facebook.com\/CultureRoadtravel\/","article_modified_time":"2025-03-10T15:01:12+00:00","og_image":[{"width":1619,"height":1200,"url":"https:\/\/cultureroadtravel.com\/wp-content\/uploads\/2021\/03\/Haiti-Port-au-Prince-Tap-Tap-bus.jpg","type":"image\/jpeg"}],"twitter_card":"summary_large_image","twitter_misc":{"Geschatte leestijd":"1 minuut"},"schema":{"@context":"https:\/\/schema.org","@graph":[{"@type":"WebPage","@id":"https:\/\/cultureroadtravel.com\/nl\/haiti\/groepsreizen\/","url":"https:\/\/cultureroadtravel.com\/nl\/haiti\/groepsreizen\/","name":"Ha\u00efti Groepsreis | Expert in Unieke Bestemmingen | CultureRoad","isPartOf":{"@id":"https:\/\/cultureroadtravel.com\/nl\/#website"},"primaryImageOfPage":{"@id":"https:\/\/cultureroadtravel.com\/nl\/haiti\/groepsreizen\/#primaryimage"},"image":{"@id":"https:\/\/cultureroadtravel.com\/nl\/haiti\/groepsreizen\/#primaryimage"},"thumbnailUrl":"https:\/\/cultureroadtravel.com\/wp-content\/uploads\/2021\/03\/Haiti-Port-au-Prince-Tap-Tap-bus.jpg","datePublished":"2021-03-24T09:53:08+00:00","dateModified":"2025-03-10T15:01:12+00:00","description":"Ga mee met een groepsreis naar Ha\u00efti. Samen ontdekken we het bijzondere en mysterieuze Ha\u00efti. Veilig, verantwoordelijk en ongelofelijk!","breadcrumb":{"@id":"https:\/\/cultureroadtravel.com\/nl\/haiti\/groepsreizen\/#breadcrumb"},"inLanguage":"nl-NL","potentialAction":[{"@type":"ReadAction","target":["https:\/\/cultureroadtravel.com\/nl\/haiti\/groepsreizen\/"]}]},{"@type":"ImageObject","inLanguage":"nl-NL","@id":"https:\/\/cultureroadtravel.com\/nl\/haiti\/groepsreizen\/#primaryimage","url":"https:\/\/cultureroadtravel.com\/wp-content\/uploads\/2021\/03\/Haiti-Port-au-Prince-Tap-Tap-bus.jpg","contentUrl":"https:\/\/cultureroadtravel.com\/wp-content\/uploads\/2021\/03\/Haiti-Port-au-Prince-Tap-Tap-bus.jpg","width":1619,"height":1200,"caption":"Local tap tap bus in downtown Port-au-Prince, Haiti"},{"@type":"BreadcrumbList","@id":"https:\/\/cultureroadtravel.com\/nl\/haiti\/groepsreizen\/#breadcrumb","itemListElement":[{"@type":"ListItem","position":1,"name":"Home","item":"https:\/\/cultureroadtravel.com\/nl\/"},{"@type":"ListItem","position":2,"name":"Ha\u00efti","item":"https:\/\/cultureroadtravel.com\/nl\/haiti\/"},{"@type":"ListItem","position":3,"name":"Ha\u00efti &#8211; Groepsreizen"}]},{"@type":"WebSite","@id":"https:\/\/cultureroadtravel.com\/nl\/#website","url":"https:\/\/cultureroadtravel.com\/nl\/","name":"CultureRoad Travel","description":"Roam off the tourist path with CultureRoad Travel","publisher":{"@id":"https:\/\/cultureroadtravel.com\/nl\/#organization"},"potentialAction":[{"@type":"SearchAction","target":{"@type":"EntryPoint","urlTemplate":"https:\/\/cultureroadtravel.com\/nl\/?s={search_term_string}"},"query-input":{"@type":"PropertyValueSpecification","valueRequired":true,"valueName":"search_term_string"}}],"inLanguage":"nl-NL"},{"@type":"Organization","@id":"https:\/\/cultureroadtravel.com\/nl\/#organization","name":"CultureRoad Travel","url":"https:\/\/cultureroadtravel.com\/nl\/","logo":{"@type":"ImageObject","inLanguage":"nl-NL","@id":"https:\/\/cultureroadtravel.com\/nl\/#\/schema\/logo\/image\/","url":"https:\/\/cultureroadtravel.com\/wp-content\/uploads\/2021\/01\/Culture_Road_Logo.svg","contentUrl":"https:\/\/cultureroadtravel.com\/wp-content\/uploads\/2021\/01\/Culture_Road_Logo.svg","width":1,"height":1,"caption":"CultureRoad Travel"},"image":{"@id":"https:\/\/cultureroadtravel.com\/nl\/#\/schema\/logo\/image\/"},"sameAs":["https:\/\/www.facebook.com\/CultureRoadtravel\/","https:\/\/www.instagram.com\/cultureroadtravel\/","https:\/\/www.linkedin.com\/company\/9376780\/admin\/"]}]}},"_links":{"self":[{"href":"https:\/\/cultureroadtravel.com\/nl\/wp-json\/wp\/v2\/pages\/11100","targetHints":{"allow":["GET"]}}],"collection":[{"href":"https:\/\/cultureroadtravel.com\/nl\/wp-json\/wp\/v2\/pages"}],"about":[{"href":"https:\/\/cultureroadtravel.com\/nl\/wp-json\/wp\/v2\/types\/page"}],"author":[{"embeddable":true,"href":"https:\/\/cultureroadtravel.com\/nl\/wp-json\/wp\/v2\/users\/2"}],"replies":[{"embeddable":true,"href":"https:\/\/cultureroadtravel.com\/nl\/wp-json\/wp\/v2\/comments?post=11100"}],"version-history":[{"count":10,"href":"https:\/\/cultureroadtravel.com\/nl\/wp-json\/wp\/v2\/pages\/11100\/revisions"}],"predecessor-version":[{"id":42179,"href":"https:\/\/cultureroadtravel.com\/nl\/wp-json\/wp\/v2\/pages\/11100\/revisions\/42179"}],"up":[{"embeddable":true,"href":"https:\/\/cultureroadtravel.com\/nl\/wp-json\/wp\/v2\/pages\/10973"}],"wp:featuredmedia":[{"embeddable":true,"href":"https:\/\/cultureroadtravel.com\/nl\/wp-json\/wp\/v2\/media\/10776"}],"wp:attachment":[{"href":"https:\/\/cultureroadtravel.com\/nl\/wp-json\/wp\/v2\/media?parent=11100"}],"curies":[{"name":"wp","href":"https:\/\/api.w.org\/{rel}","templated":true}]}}